{"id":306060,"date":"2026-01-15T18:55:14","date_gmt":"2026-01-15T15:55:14","guid":{"rendered":"https:\/\/baldumarket.lt\/product\/komoda-deri-macchiato-adrk\/"},"modified":"2026-02-11T18:08:49","modified_gmt":"2026-02-11T15:08:49","slug":"komoda-deri-macchiato-adrk","status":"publish","type":"product","link":"https:\/\/baldumarket.lt\/lt\/product\/komoda-deri-macchiato-adrk\/","title":{"rendered":"Deri Macchiato ADRK Komoda"},"content":{"rendered":"<p>\u0160i stilinga Deri komoda \u2013 puikus sprendimas moderniam interjerui. Minimalistinis dizainas, auk\u0161tos medin\u0117s kojel\u0117s ir virvin\u0117s rankenos suteikia jai unikal\u0173 charakter\u012f. D\u0117l \u0161velniai u\u017esidaran\u010di\u0173 dureli\u0173 ir reguliuojam\u0173 lentyn\u0173 galite pritaikyti erdv\u0119 pagal savo poreikius. Pagaminta i\u0161 patvari\u0173, 18 mm storio med\u017eiag\u0173, ji garantuoja tvirtum\u0105 ir ilgaam\u017ei\u0161kum\u0105. Sukurkite harmoning\u0105 i\u0161d\u0117stym\u0105, derindami komod\u0105 su kitais savo interjero baldais!<\/p>","protected":false},"excerpt":{"rendered":"<p>Plotis (cm): 100<br \/>\n\u016agis (cm): 85<br \/>\nGylis (cm): 42<br \/>\nAsambl\u0117ja<br \/>\nSavaranki\u0161kas surinkimas<br \/>\nProdukto svoris [kg]: 34<\/p>","protected":false},"featured_media":306061,"comment_status":"open","ping_status":"open","template":"","meta":[],"product_brand":[],"product_cat":[9201,1173],"product_tag":[],"class_list":{"0":"post-306060","1":"product","2":"type-product","3":"status-publish","4":"has-post-thumbnail","6":"product_cat-adrk-furniture","7":"product_cat-chests-of-drawers","9":"first","10":"instock","11":"purchasable","12":"product-type-simple"},"_links":{"self":[{"href":"https:\/\/baldumarket.lt\/lt\/wp-json\/wp\/v2\/product\/306060","targetHints":{"allow":["GET"]}}],"collection":[{"href":"https:\/\/baldumarket.lt\/lt\/wp-json\/wp\/v2\/product"}],"about":[{"href":"https:\/\/baldumarket.lt\/lt\/wp-json\/wp\/v2\/types\/product"}],"replies":[{"embeddable":true,"href":"https:\/\/baldumarket.lt\/lt\/wp-json\/wp\/v2\/comments?post=306060"}],"wp:featuredmedia":[{"embeddable":true,"href":"https:\/\/baldumarket.lt\/lt\/wp-json\/wp\/v2\/media\/306061"}],"wp:attachment":[{"href":"https:\/\/baldumarket.lt\/lt\/wp-json\/wp\/v2\/media?parent=306060"}],"wp:term":[{"taxonomy":"product_brand","embeddable":true,"href":"https:\/\/baldumarket.lt\/lt\/wp-json\/wp\/v2\/product_brand?post=306060"},{"taxonomy":"product_cat","embeddable":true,"href":"https:\/\/baldumarket.lt\/lt\/wp-json\/wp\/v2\/product_cat?post=306060"},{"taxonomy":"product_tag","embeddable":true,"href":"https:\/\/baldumarket.lt\/lt\/wp-json\/wp\/v2\/product_tag?post=306060"}],"curies":[{"name":"wp","href":"https:\/\/api.w.org\/{rel}","templated":true}]}}