{"id":306045,"date":"2026-01-15T18:55:03","date_gmt":"2026-01-15T15:55:03","guid":{"rendered":"https:\/\/baldumarket.lt\/product\/regal-ralph-czarny-bialy-mat-adrk\/"},"modified":"2026-02-11T18:08:49","modified_gmt":"2026-02-11T15:08:49","slug":"regal-ralph-czarny-bialy-mat-adrk","status":"publish","type":"product","link":"https:\/\/baldumarket.lt\/lt\/product\/regal-ralph-czarny-bialy-mat-adrk\/","title":{"rendered":"Ralph Black\/Matt White ADRK knyg\u0173 lentyna"},"content":{"rendered":"<p>\u201eRalph Bookcase\u201c \u2013 eleganti\u0161kas ir modernus baldas, kuriame dera funkcionalumas ir minimalistinis dizainas. Jo juodo metalo konstrukcija pasi\u017eymi ry\u0161kiomis geometrin\u0117mis linijomis ir \u012fvairi\u0173 spalv\u0173 lentynomis, suteikian\u010diomis jam industrin\u012f, bet stiling\u0105 charakter\u012f.<\/p>","protected":false},"excerpt":{"rendered":"<p>Plotis (cm): 110<br \/>\n\u016agis (cm): 180,2<br \/>\nGylis (cm): 30<br \/>\nAsambl\u0117ja<br \/>\nSavaranki\u0161kas surinkimas<br \/>\nProdukto svoris [kg]: 60<\/p>","protected":false},"featured_media":306046,"comment_status":"open","ping_status":"open","template":"","meta":[],"product_brand":[],"product_cat":[9201,1987],"product_tag":[],"class_list":{"0":"post-306045","1":"product","2":"type-product","3":"status-publish","4":"has-post-thumbnail","6":"product_cat-adrk-furniture","7":"product_cat-shelving-units","9":"first","10":"instock","11":"purchasable","12":"product-type-simple"},"_links":{"self":[{"href":"https:\/\/baldumarket.lt\/lt\/wp-json\/wp\/v2\/product\/306045","targetHints":{"allow":["GET"]}}],"collection":[{"href":"https:\/\/baldumarket.lt\/lt\/wp-json\/wp\/v2\/product"}],"about":[{"href":"https:\/\/baldumarket.lt\/lt\/wp-json\/wp\/v2\/types\/product"}],"replies":[{"embeddable":true,"href":"https:\/\/baldumarket.lt\/lt\/wp-json\/wp\/v2\/comments?post=306045"}],"wp:featuredmedia":[{"embeddable":true,"href":"https:\/\/baldumarket.lt\/lt\/wp-json\/wp\/v2\/media\/306046"}],"wp:attachment":[{"href":"https:\/\/baldumarket.lt\/lt\/wp-json\/wp\/v2\/media?parent=306045"}],"wp:term":[{"taxonomy":"product_brand","embeddable":true,"href":"https:\/\/baldumarket.lt\/lt\/wp-json\/wp\/v2\/product_brand?post=306045"},{"taxonomy":"product_cat","embeddable":true,"href":"https:\/\/baldumarket.lt\/lt\/wp-json\/wp\/v2\/product_cat?post=306045"},{"taxonomy":"product_tag","embeddable":true,"href":"https:\/\/baldumarket.lt\/lt\/wp-json\/wp\/v2\/product_tag?post=306045"}],"curies":[{"name":"wp","href":"https:\/\/api.w.org\/{rel}","templated":true}]}}