{"id":306010,"date":"2026-01-15T18:54:35","date_gmt":"2026-01-15T15:54:35","guid":{"rendered":"https:\/\/baldumarket.lt\/product\/szafa-przesuwna-tola-200-czarny-adrk\/"},"modified":"2026-02-11T18:08:49","modified_gmt":"2026-02-11T15:08:49","slug":"szafa-przesuwna-tola-200-czarny-adrk","status":"publish","type":"product","link":"https:\/\/baldumarket.lt\/lt\/product\/szafa-przesuwna-tola-200-czarny-adrk\/","title":{"rendered":"Tola 200 stumdoma spinta, juoda, ADRK"},"content":{"rendered":"<p>Tola 200 stumdoma spinta su veidrod\u017eiais \u2013 puikus sprendimas tiems, kurie vertina modernaus dizaino ir prakti\u0161kumo derin\u012f. 200 cm plo\u010dio ir erdvaus dizaino spinta pasi\u017eymi i\u0161skirtine talpa, leid\u017eian\u010dia tvarkingai susid\u0117ti garderob\u0105, patalyn\u0119 ir kitus b\u016btiniausius daiktus.<\/p>","protected":false},"excerpt":{"rendered":"<p>Plotis (cm): 200<br \/>\n\u016agis (cm): 215<br \/>\nGylis (cm): 61<br \/>\nAsambl\u0117ja<br \/>\nsavaranki\u0161kam surinkimui<br \/>\nProdukto svoris [kg]: 170<\/p>","protected":false},"featured_media":306011,"comment_status":"open","ping_status":"open","template":"","meta":[],"product_brand":[],"product_cat":[9201,1177],"product_tag":[],"class_list":{"0":"post-306010","1":"product","2":"type-product","3":"status-publish","4":"has-post-thumbnail","6":"product_cat-adrk-furniture","7":"product_cat-wardrobes","9":"first","10":"instock","11":"purchasable","12":"product-type-simple"},"_links":{"self":[{"href":"https:\/\/baldumarket.lt\/lt\/wp-json\/wp\/v2\/product\/306010","targetHints":{"allow":["GET"]}}],"collection":[{"href":"https:\/\/baldumarket.lt\/lt\/wp-json\/wp\/v2\/product"}],"about":[{"href":"https:\/\/baldumarket.lt\/lt\/wp-json\/wp\/v2\/types\/product"}],"replies":[{"embeddable":true,"href":"https:\/\/baldumarket.lt\/lt\/wp-json\/wp\/v2\/comments?post=306010"}],"wp:featuredmedia":[{"embeddable":true,"href":"https:\/\/baldumarket.lt\/lt\/wp-json\/wp\/v2\/media\/306011"}],"wp:attachment":[{"href":"https:\/\/baldumarket.lt\/lt\/wp-json\/wp\/v2\/media?parent=306010"}],"wp:term":[{"taxonomy":"product_brand","embeddable":true,"href":"https:\/\/baldumarket.lt\/lt\/wp-json\/wp\/v2\/product_brand?post=306010"},{"taxonomy":"product_cat","embeddable":true,"href":"https:\/\/baldumarket.lt\/lt\/wp-json\/wp\/v2\/product_cat?post=306010"},{"taxonomy":"product_tag","embeddable":true,"href":"https:\/\/baldumarket.lt\/lt\/wp-json\/wp\/v2\/product_tag?post=306010"}],"curies":[{"name":"wp","href":"https:\/\/api.w.org\/{rel}","templated":true}]}}