{"id":305995,"date":"2026-01-15T18:54:21","date_gmt":"2026-01-15T15:54:21","guid":{"rendered":"https:\/\/baldumarket.lt\/product\/szafa-przesuwna-keri-200-bialy-srebrna-adrk\/"},"modified":"2026-02-11T18:08:50","modified_gmt":"2026-02-11T15:08:50","slug":"szafa-przesuwna-keri-200-bialy-srebrna-adrk","status":"publish","type":"product","link":"https:\/\/baldumarket.lt\/lt\/product\/szafa-przesuwna-keri-200-bialy-srebrna-adrk\/","title":{"rendered":"Keri 200 stumdoma spinta, balta\/sidabrin\u0117, ADRK"},"content":{"rendered":"<p>\u201eKeri\u201c stumdoma spinta \u2013 puikus sprendimas tiems, kurie vertina prakti\u0161kum\u0105 ir estetik\u0105. D\u0117l gerai apgalvoto dizaino joje lengvai tilps visi reikalingi daiktai ir interjeras taps modernus. \u201eKeri\u201c spinta padarys j\u016bs\u0173 erdv\u0119 tvarkingesn\u0119 ir stilingesn\u0119. Tai tobulas elegancijos ir funkcionalumo derinys viename balde. Ji puikiai tinka miegamajam, prie\u0161kambariui ar drabu\u017einei. \u012etraukite \u201eKeri\u201c spint\u0105 \u012f savo interjer\u0105 ir m\u0117gaukit\u0117s puikiai sutvarkyta erdve!<\/p>","protected":false},"excerpt":{"rendered":"<p>Plotis (cm): 200<br \/>\n\u016agis (cm): 215<br \/>\nGylis (cm): 61<br \/>\nAsambl\u0117ja<br \/>\nsavaranki\u0161kam surinkimui<br \/>\nProdukto svoris [kg]: 170<\/p>","protected":false},"featured_media":305996,"comment_status":"open","ping_status":"open","template":"","meta":[],"product_brand":[],"product_cat":[9201,1177],"product_tag":[],"class_list":{"0":"post-305995","1":"product","2":"type-product","3":"status-publish","4":"has-post-thumbnail","6":"product_cat-adrk-furniture","7":"product_cat-wardrobes","9":"first","10":"instock","11":"purchasable","12":"product-type-simple"},"_links":{"self":[{"href":"https:\/\/baldumarket.lt\/lt\/wp-json\/wp\/v2\/product\/305995","targetHints":{"allow":["GET"]}}],"collection":[{"href":"https:\/\/baldumarket.lt\/lt\/wp-json\/wp\/v2\/product"}],"about":[{"href":"https:\/\/baldumarket.lt\/lt\/wp-json\/wp\/v2\/types\/product"}],"replies":[{"embeddable":true,"href":"https:\/\/baldumarket.lt\/lt\/wp-json\/wp\/v2\/comments?post=305995"}],"wp:featuredmedia":[{"embeddable":true,"href":"https:\/\/baldumarket.lt\/lt\/wp-json\/wp\/v2\/media\/305996"}],"wp:attachment":[{"href":"https:\/\/baldumarket.lt\/lt\/wp-json\/wp\/v2\/media?parent=305995"}],"wp:term":[{"taxonomy":"product_brand","embeddable":true,"href":"https:\/\/baldumarket.lt\/lt\/wp-json\/wp\/v2\/product_brand?post=305995"},{"taxonomy":"product_cat","embeddable":true,"href":"https:\/\/baldumarket.lt\/lt\/wp-json\/wp\/v2\/product_cat?post=305995"},{"taxonomy":"product_tag","embeddable":true,"href":"https:\/\/baldumarket.lt\/lt\/wp-json\/wp\/v2\/product_tag?post=305995"}],"curies":[{"name":"wp","href":"https:\/\/api.w.org\/{rel}","templated":true}]}}