{"id":305965,"date":"2026-01-15T18:53:57","date_gmt":"2026-01-15T15:53:57","guid":{"rendered":"https:\/\/baldumarket.lt\/product\/szafa-emily-uchylna-z-uchwytem-w-ksztalcie-serca-szara-bialy-adrk\/"},"modified":"2026-02-11T18:08:50","modified_gmt":"2026-02-11T15:08:50","slug":"szafa-emily-uchylna-z-uchwytem-w-ksztalcie-serca-szara-bialy-adrk","status":"publish","type":"product","link":"https:\/\/baldumarket.lt\/lt\/product\/szafa-emily-uchylna-z-uchwytem-w-ksztalcie-serca-szara-bialy-adrk\/","title":{"rendered":"Emily spinta, varstoma, su \u0161irdies formos rankena, pilka, balta ADRK"},"content":{"rendered":"<p>I\u0161skleid\u017eiama spinta \u201eEmily\u201c \u2013 puikus sprendimas vaiko kambariui, derinanti modern\u0173 dizain\u0105 su funkcionalumu, puikiai prisitaikanti prie ma\u017eiausi\u0173j\u0173 poreiki\u0173. Su pritaikomomis ranken\u0117l\u0117mis galite pasirinkti \u017eavingas \u0161irdeles ma\u017eiesiems svajotojams arba smagius kamuoliukus, kurie patiks ma\u017eiesiems sporto entuziastams. Spintos gerai apgalvotas vidus u\u017etikrina optimali\u0105 daikt\u0173 laikymo erdv\u0119 \u2013 rasite ir erdvias lentynas, ir pakabinimo b\u0117gel\u012f, puikiai tinkant\u012f drabu\u017eiams ir aksesuarams susid\u0117ti. Spinta buvo sukurta atsi\u017evelgiant \u012f vaik\u0173 saugum\u0105 \u2013 tvirta konstrukcija ir u\u017eapvalinti kra\u0161tai garantuoja patog\u0173 naudojim\u0105. Universali spalv\u0173 gama ir subtil\u016bs, stilingi akcentai paver\u010dia j\u0105 puikiu bet kurio vaiko kambario papildymu, suteikian\u010diu \u0161ilumos ir harmonijos. \u201eEmily\u201c spinta yra daugiau nei tik baldas \u2013 tai prakti\u0161kas kasdienis aksesuaras, kuris \u012fkvepia ir auga kartu su j\u016bs\u0173 vaiku. Pasirinkite savo stili\u0173 ir \u012fne\u0161kite savo interjerui magijos!<\/p>","protected":false},"excerpt":{"rendered":"<p>Plotis (cm): 80<br \/>\n\u016agis (cm): 177<br \/>\nGylis (cm): 50<br \/>\nAsambl\u0117ja<br \/>\nSavaranki\u0161kas surinkimas<br \/>\nProdukto svoris [kg]: 75<\/p>","protected":false},"featured_media":305966,"comment_status":"open","ping_status":"open","template":"","meta":[],"product_brand":[],"product_cat":[9201,1177],"product_tag":[],"class_list":{"0":"post-305965","1":"product","2":"type-product","3":"status-publish","4":"has-post-thumbnail","6":"product_cat-adrk-furniture","7":"product_cat-wardrobes","9":"first","10":"instock","11":"purchasable","12":"product-type-simple"},"_links":{"self":[{"href":"https:\/\/baldumarket.lt\/lt\/wp-json\/wp\/v2\/product\/305965","targetHints":{"allow":["GET"]}}],"collection":[{"href":"https:\/\/baldumarket.lt\/lt\/wp-json\/wp\/v2\/product"}],"about":[{"href":"https:\/\/baldumarket.lt\/lt\/wp-json\/wp\/v2\/types\/product"}],"replies":[{"embeddable":true,"href":"https:\/\/baldumarket.lt\/lt\/wp-json\/wp\/v2\/comments?post=305965"}],"wp:featuredmedia":[{"embeddable":true,"href":"https:\/\/baldumarket.lt\/lt\/wp-json\/wp\/v2\/media\/305966"}],"wp:attachment":[{"href":"https:\/\/baldumarket.lt\/lt\/wp-json\/wp\/v2\/media?parent=305965"}],"wp:term":[{"taxonomy":"product_brand","embeddable":true,"href":"https:\/\/baldumarket.lt\/lt\/wp-json\/wp\/v2\/product_brand?post=305965"},{"taxonomy":"product_cat","embeddable":true,"href":"https:\/\/baldumarket.lt\/lt\/wp-json\/wp\/v2\/product_cat?post=305965"},{"taxonomy":"product_tag","embeddable":true,"href":"https:\/\/baldumarket.lt\/lt\/wp-json\/wp\/v2\/product_tag?post=305965"}],"curies":[{"name":"wp","href":"https:\/\/api.w.org\/{rel}","templated":true}]}}