{"id":305955,"date":"2026-01-15T18:53:48","date_gmt":"2026-01-15T15:53:48","guid":{"rendered":"https:\/\/baldumarket.lt\/product\/mebloscianka-male-artisan-czarny-adrk\/"},"modified":"2026-02-11T18:08:51","modified_gmt":"2026-02-11T15:08:51","slug":"mebloscianka-male-artisan-czarny-adrk","status":"publish","type":"product","link":"https:\/\/baldumarket.lt\/lt\/product\/mebloscianka-male-artisan-czarny-adrk\/","title":{"rendered":"Vyri\u0161ka sienin\u0117 spintel\u0117 \u201eArtisan\u201c \/ juoda ADRK"},"content":{"rendered":"<p>\u201eArtisan Black\u201c spalvos \u201eMale\u201c sienin\u0117 spintel\u0117 \u2013 tai modernaus dizaino ir funkcionalumo derinys, puikiai tinkantis tiems, kurie vertina stili\u0173 ir prakti\u0161kum\u0105 interjero dizaine. Prisitvirtinanti prie \u012fvairaus dyd\u017eio erdvi\u0173, sienin\u0117 spintel\u0117 leid\u017eia optimaliai i\u0161naudoti erdv\u0119 vizualiai neu\u017egriozdinant kambario. Rinkit\u0117s \u201eMale\u201c \u201eArtisan Black\u201c spalvos spintel\u0119, kad sukurtum\u0117te eleganti\u0161k\u0105 ir funkcionali\u0105 erdv\u0119 savo namuose!<\/p>","protected":false},"excerpt":{"rendered":"<p>Plotis (cm): 320<br \/>\n\u016agis (cm): 200<br \/>\nGylis (cm): 50<br \/>\nAsambl\u0117ja<br \/>\nSavaranki\u0161kas surinkimas<br \/>\nProdukto svoris [kg]: 207<\/p>","protected":false},"featured_media":305956,"comment_status":"open","ping_status":"open","template":"","meta":[],"product_brand":[],"product_cat":[9201,2008],"product_tag":[],"class_list":{"0":"post-305955","1":"product","2":"type-product","3":"status-publish","4":"has-post-thumbnail","6":"product_cat-adrk-furniture","7":"product_cat-wall-units","9":"first","10":"instock","11":"purchasable","12":"product-type-simple"},"_links":{"self":[{"href":"https:\/\/baldumarket.lt\/lt\/wp-json\/wp\/v2\/product\/305955","targetHints":{"allow":["GET"]}}],"collection":[{"href":"https:\/\/baldumarket.lt\/lt\/wp-json\/wp\/v2\/product"}],"about":[{"href":"https:\/\/baldumarket.lt\/lt\/wp-json\/wp\/v2\/types\/product"}],"replies":[{"embeddable":true,"href":"https:\/\/baldumarket.lt\/lt\/wp-json\/wp\/v2\/comments?post=305955"}],"wp:featuredmedia":[{"embeddable":true,"href":"https:\/\/baldumarket.lt\/lt\/wp-json\/wp\/v2\/media\/305956"}],"wp:attachment":[{"href":"https:\/\/baldumarket.lt\/lt\/wp-json\/wp\/v2\/media?parent=305955"}],"wp:term":[{"taxonomy":"product_brand","embeddable":true,"href":"https:\/\/baldumarket.lt\/lt\/wp-json\/wp\/v2\/product_brand?post=305955"},{"taxonomy":"product_cat","embeddable":true,"href":"https:\/\/baldumarket.lt\/lt\/wp-json\/wp\/v2\/product_cat?post=305955"},{"taxonomy":"product_tag","embeddable":true,"href":"https:\/\/baldumarket.lt\/lt\/wp-json\/wp\/v2\/product_tag?post=305955"}],"curies":[{"name":"wp","href":"https:\/\/api.w.org\/{rel}","templated":true}]}}