{"id":305950,"date":"2026-01-15T18:53:44","date_gmt":"2026-01-15T15:53:44","guid":{"rendered":"https:\/\/baldumarket.lt\/product\/regal-reli-czarny-beton-adrk\/"},"modified":"2026-02-11T18:08:51","modified_gmt":"2026-02-11T15:08:51","slug":"regal-reli-czarny-beton-adrk","status":"publish","type":"product","link":"https:\/\/baldumarket.lt\/lt\/product\/regal-reli-czarny-beton-adrk\/","title":{"rendered":"Reli juoda\/betonin\u0117 ADRK lentyna"},"content":{"rendered":"<p>\u201eReli\u201c knyg\u0173 lentyna \u2013 tai tobulas modernaus dizaino ir prakti\u0161kumo derinys. Knyg\u0173 lentynos konstrukcija pagaminta i\u0161 tvirto metalo, u\u017etikrinan\u010dio stabilum\u0105 ir ilgaam\u017ei\u0161kum\u0105, kartu suteikian\u010dio jai industrin\u012f charakter\u012f. Metalin\u0117s dalys yra da\u017eytos milteliniu b\u016bdu, tod\u0117l padid\u0117ja atsparumas \u012fbr\u0117\u017eimams ir korozijai. Papildomas privalumas \u2013 lentynos, pagamintos i\u0161 laminuotos plok\u0161t\u0117s su nat\u016bralia apdaila, kurios interjerui suteikia \u0161ilumos ir jaukumo. Lentyn\u0173 pavir\u0161iai lengvai valomi, atspar\u016bs dr\u0117gmei ir mechaniniams pa\u017eeidimams, tod\u0117l tai prakti\u0161kas pasirinkimas ilgus metus. \u201eReli\u201c knyg\u0173 lentyna puikiai tinka svetain\u0117ms, miegamiesiems, biurams ir nam\u0173 bibliotekoms. Tai universalus baldas, kuriame galima laikyti knygas, dekoracijas ir augalus, sukuriant esteti\u0161kai patraukli\u0105 ir organizuot\u0105 erdv\u0119. Paprasta forma ir harmoningas med\u017eiag\u0173 derinys daro \u201eReli\u201c knyg\u0173 lentyn\u0105 idealiai tinkan\u010di\u0105 moderniam ir lofto stiliaus interjerui.<\/p>","protected":false},"excerpt":{"rendered":"<p>Plotis (cm): 40<br \/>\n\u016agis (cm): 113,4<br \/>\nGylis (cm): 40<br \/>\nAsambl\u0117ja<br \/>\nSavaranki\u0161kas surinkimas<br \/>\nProdukto svoris [kg]: 12,5<\/p>","protected":false},"featured_media":305951,"comment_status":"open","ping_status":"open","template":"","meta":[],"product_brand":[],"product_cat":[9201,1987],"product_tag":[],"class_list":{"0":"post-305950","1":"product","2":"type-product","3":"status-publish","4":"has-post-thumbnail","6":"product_cat-adrk-furniture","7":"product_cat-shelving-units","9":"first","10":"instock","11":"purchasable","12":"product-type-simple"},"_links":{"self":[{"href":"https:\/\/baldumarket.lt\/lt\/wp-json\/wp\/v2\/product\/305950","targetHints":{"allow":["GET"]}}],"collection":[{"href":"https:\/\/baldumarket.lt\/lt\/wp-json\/wp\/v2\/product"}],"about":[{"href":"https:\/\/baldumarket.lt\/lt\/wp-json\/wp\/v2\/types\/product"}],"replies":[{"embeddable":true,"href":"https:\/\/baldumarket.lt\/lt\/wp-json\/wp\/v2\/comments?post=305950"}],"wp:featuredmedia":[{"embeddable":true,"href":"https:\/\/baldumarket.lt\/lt\/wp-json\/wp\/v2\/media\/305951"}],"wp:attachment":[{"href":"https:\/\/baldumarket.lt\/lt\/wp-json\/wp\/v2\/media?parent=305950"}],"wp:term":[{"taxonomy":"product_brand","embeddable":true,"href":"https:\/\/baldumarket.lt\/lt\/wp-json\/wp\/v2\/product_brand?post=305950"},{"taxonomy":"product_cat","embeddable":true,"href":"https:\/\/baldumarket.lt\/lt\/wp-json\/wp\/v2\/product_cat?post=305950"},{"taxonomy":"product_tag","embeddable":true,"href":"https:\/\/baldumarket.lt\/lt\/wp-json\/wp\/v2\/product_tag?post=305950"}],"curies":[{"name":"wp","href":"https:\/\/api.w.org\/{rel}","templated":true}]}}