{"id":305830,"date":"2026-01-15T18:52:02","date_gmt":"2026-01-15T15:52:02","guid":{"rendered":"https:\/\/baldumarket.lt\/product\/szafa-przesuwna-z-lustrem-ida-200-czarny-adrk\/"},"modified":"2026-02-11T18:08:53","modified_gmt":"2026-02-11T15:08:53","slug":"szafa-przesuwna-z-lustrem-ida-200-czarny-adrk","status":"publish","type":"product","link":"https:\/\/baldumarket.lt\/lt\/product\/szafa-przesuwna-z-lustrem-ida-200-czarny-adrk\/","title":{"rendered":"Ida 200 stumdoma spinta su veidrod\u017eiu, juoda, ADRK"},"content":{"rendered":"<p>Stumdoma spinta \u201eIda 200\u201c su veidrod\u017eiu ir grotel\u0117mis \u2013 tai modernus ir stilingas sprendimas tiems, kurie vertina ir funkcionalum\u0105, ir estetik\u0105. 200 cm plo\u010dio \u0161i spinta idealiai tinka erdviems miegamiesiems, koridoriams ar persirengimo kambariams, nes si\u016blo daug vietos drabu\u017eiams ir aksesuarams laikyti. Stumdomos durys u\u017etikrina patog\u0173 naudojim\u0105 net ir ma\u017eesn\u0117se erdv\u0117se, o centre esantis veidrodis atlieka dvejop\u0105 funkcij\u0105: vizualiai padidina erdv\u0119 ir palengvina kasdienius pasiruo\u0161imus. Papildomas privalumas \u2013 stilingos grotel\u0117s, puo\u0161ian\u010dios spintos priek\u012f, suteikian\u010dios eleganti\u0161k\u0105 ir modern\u0173 akcent\u0105. \u0160ie mediniai akcentai suteikia interjerui \u0161ilumos ir jaukumo, puikiai papildydami \u012fvairius interjero stilius \u2013 nuo minimalistinio iki klasikinio. Spintos vidus sukurtas atsi\u017evelgiant \u012f maksimal\u0173 funkcionalum\u0105, jame yra prakti\u0161k\u0173 lentyn\u0173 ir kabinimo b\u0117geli\u0173 tvarkingam drabu\u017ei\u0173 laikymui. Tvirta konstrukcija ir auk\u0161tos kokyb\u0117s med\u017eiagos u\u017etikrina patvarum\u0105 ir patikimum\u0105, tod\u0117l \u201eIda 200\u201c spinta yra ilgalaik\u0117 investicija.<\/p>","protected":false},"excerpt":{"rendered":"<p>Plotis (cm): 200<br \/>\n\u016agis (cm): 215<br \/>\nGylis (cm): 61<br \/>\nAsambl\u0117ja<br \/>\nsavaranki\u0161kam surinkimui<br \/>\nProdukto svoris [kg]: 170<\/p>","protected":false},"featured_media":305831,"comment_status":"open","ping_status":"open","template":"","meta":[],"product_brand":[],"product_cat":[9201,1177],"product_tag":[],"class_list":{"0":"post-305830","1":"product","2":"type-product","3":"status-publish","4":"has-post-thumbnail","6":"product_cat-adrk-furniture","7":"product_cat-wardrobes","9":"first","10":"instock","11":"purchasable","12":"product-type-simple"},"_links":{"self":[{"href":"https:\/\/baldumarket.lt\/lt\/wp-json\/wp\/v2\/product\/305830","targetHints":{"allow":["GET"]}}],"collection":[{"href":"https:\/\/baldumarket.lt\/lt\/wp-json\/wp\/v2\/product"}],"about":[{"href":"https:\/\/baldumarket.lt\/lt\/wp-json\/wp\/v2\/types\/product"}],"replies":[{"embeddable":true,"href":"https:\/\/baldumarket.lt\/lt\/wp-json\/wp\/v2\/comments?post=305830"}],"wp:featuredmedia":[{"embeddable":true,"href":"https:\/\/baldumarket.lt\/lt\/wp-json\/wp\/v2\/media\/305831"}],"wp:attachment":[{"href":"https:\/\/baldumarket.lt\/lt\/wp-json\/wp\/v2\/media?parent=305830"}],"wp:term":[{"taxonomy":"product_brand","embeddable":true,"href":"https:\/\/baldumarket.lt\/lt\/wp-json\/wp\/v2\/product_brand?post=305830"},{"taxonomy":"product_cat","embeddable":true,"href":"https:\/\/baldumarket.lt\/lt\/wp-json\/wp\/v2\/product_cat?post=305830"},{"taxonomy":"product_tag","embeddable":true,"href":"https:\/\/baldumarket.lt\/lt\/wp-json\/wp\/v2\/product_tag?post=305830"}],"curies":[{"name":"wp","href":"https:\/\/api.w.org\/{rel}","templated":true}]}}