{"id":305638,"date":"2026-01-15T18:49:10","date_gmt":"2026-01-15T15:49:10","guid":{"rendered":"https:\/\/baldumarket.lt\/product\/szafa-uchylna-neri-200-z-lustrami-bialy-adrk\/"},"modified":"2026-02-11T18:08:59","modified_gmt":"2026-02-11T15:08:59","slug":"szafa-uchylna-neri-200-z-lustrami-bialy-adrk","status":"publish","type":"product","link":"https:\/\/baldumarket.lt\/lt\/product\/szafa-uchylna-neri-200-z-lustrami-bialy-adrk\/","title":{"rendered":"Neri 200 kreipiama spinta su veidrod\u017eiais, balta, ADRK"},"content":{"rendered":"<p>\u201eNeri\u201c vyri\u0173 spinta \u2013 tai eleganti\u0161ka ir funkcionali spinta, kuri puikiai papildys tiek modern\u0173, tiek klasikin\u012f interjer\u0105. D\u0117l plataus spalv\u0173 pasirinkimo kiekvienas ras sau tinkamiausi\u0105 versij\u0105. \u201eNeri\u201c spintos fasaduose yra dekoratyvin\u0117s lentjuost\u0117s ir didelis veidrodis, kuris vizualiai padidina erdv\u0119 ir suteikia jai \u0161viesumo. Spinta si\u016bloma trij\u0173 prakti\u0161k\u0173 dyd\u017ei\u0173: \u2013 100 cm \u2013 kompakti\u0161ka, idealiai tinka ma\u017eesniems kambariams; \u2013 150 cm \u2013 puikus kompromisas tarp erdv\u0117s ir dyd\u017eio; \u2013 200 cm \u2013 erdvus variantas, idealiai tinkantis didesnei spintai laikyti. Kiekviena versija sukurta atsi\u017evelgiant \u012f naudojimo paprastum\u0105 ir estetik\u0105, papuo\u0161ianti bet kur\u012f miegam\u0105j\u012f ar persirengimo kambar\u012f.<\/p>","protected":false},"excerpt":{"rendered":"<p>Plotis (cm): 200<br \/>\n\u016agis (cm): 200<br \/>\nGylis (cm): 51<br \/>\nAsambl\u0117ja<br \/>\nSavaranki\u0161kas surinkimas<br \/>\nProdukto svoris [kg]: 150<\/p>","protected":false},"featured_media":305639,"comment_status":"open","ping_status":"open","template":"","meta":[],"product_brand":[],"product_cat":[9201,1177],"product_tag":[],"class_list":{"0":"post-305638","1":"product","2":"type-product","3":"status-publish","4":"has-post-thumbnail","6":"product_cat-adrk-furniture","7":"product_cat-wardrobes","9":"first","10":"instock","11":"purchasable","12":"product-type-simple"},"_links":{"self":[{"href":"https:\/\/baldumarket.lt\/lt\/wp-json\/wp\/v2\/product\/305638","targetHints":{"allow":["GET"]}}],"collection":[{"href":"https:\/\/baldumarket.lt\/lt\/wp-json\/wp\/v2\/product"}],"about":[{"href":"https:\/\/baldumarket.lt\/lt\/wp-json\/wp\/v2\/types\/product"}],"replies":[{"embeddable":true,"href":"https:\/\/baldumarket.lt\/lt\/wp-json\/wp\/v2\/comments?post=305638"}],"wp:featuredmedia":[{"embeddable":true,"href":"https:\/\/baldumarket.lt\/lt\/wp-json\/wp\/v2\/media\/305639"}],"wp:attachment":[{"href":"https:\/\/baldumarket.lt\/lt\/wp-json\/wp\/v2\/media?parent=305638"}],"wp:term":[{"taxonomy":"product_brand","embeddable":true,"href":"https:\/\/baldumarket.lt\/lt\/wp-json\/wp\/v2\/product_brand?post=305638"},{"taxonomy":"product_cat","embeddable":true,"href":"https:\/\/baldumarket.lt\/lt\/wp-json\/wp\/v2\/product_cat?post=305638"},{"taxonomy":"product_tag","embeddable":true,"href":"https:\/\/baldumarket.lt\/lt\/wp-json\/wp\/v2\/product_tag?post=305638"}],"curies":[{"name":"wp","href":"https:\/\/api.w.org\/{rel}","templated":true}]}}