{"id":305618,"date":"2026-01-15T18:48:54","date_gmt":"2026-01-15T15:48:54","guid":{"rendered":"https:\/\/baldumarket.lt\/product\/szafka-rtv-miro-stojaca-czarny-katania-adrk\/"},"modified":"2026-02-11T18:09:00","modified_gmt":"2026-02-11T15:09:00","slug":"szafka-rtv-miro-stojaca-czarny-katania-adrk","status":"publish","type":"product","link":"https:\/\/baldumarket.lt\/lt\/product\/szafka-rtv-miro-stojaca-czarny-katania-adrk\/","title":{"rendered":"Miro TV stovas juodas\/Catania ADRK"},"content":{"rendered":"<p>\u201eMiro\u201c televizoriaus staliukas \u2013 modernus sprendimas j\u016bs\u0173 svetainei, kuriame dera elegancija ir funkcionalumas. Galima rinktis i\u0161 dviej\u0173 spalv\u0173: klasikin\u0117s baltos su \u201eKatania\u201c ra\u0161tu ir stilingos juodos su \u201eKatania\u201c ra\u0161tu, tod\u0117l jis puikiai dera prie \u012fvairi\u0173 interjero stili\u0173. \u201eMiro\u201c televizoriaus staliukas tiek laisvai pastatomas, tiek montuojamas ant sienos, tod\u0117l galite j\u012f pritaikyti prie savo erdv\u0117s ir individuali\u0173 dizaino pageidavim\u0173. Auk\u0161tos kokyb\u0117s med\u017eiagos, \u012fskaitant patvari\u0105 laminuot\u0105 plok\u0161t\u0119, garantuoja ne tik ilgaam\u017ei\u0161kum\u0105, bet ir eleganti\u0161k\u0105 i\u0161vaizd\u0105 ilgus metus. Stove yra erdvios lentynos ir prakti\u0161kos ni\u0161os, kuriose tilps visas j\u016bs\u0173 televizorius ir priedai, u\u017etikrinant tvark\u0105 ir lengv\u0105 prieig\u0105 prie b\u016btiniausi\u0173 daikt\u0173. \u201eMiro\u201c televizoriaus staliukas yra puikus pasirinkimas tiems, kurie vertina stili\u0173 ir patogum\u0105.<\/p>","protected":false},"excerpt":{"rendered":"<p>Plotis (cm): 200<br \/>\n\u016agis (cm): 53<br \/>\nGylis (cm): 41<br \/>\nAsambl\u0117ja<br \/>\nSavaranki\u0161kas surinkimas<br \/>\nProdukto svoris [kg]: 47<\/p>","protected":false},"featured_media":305619,"comment_status":"open","ping_status":"open","template":"","meta":[],"product_brand":[],"product_cat":[9201,1175],"product_tag":[],"class_list":{"0":"post-305618","1":"product","2":"type-product","3":"status-publish","4":"has-post-thumbnail","6":"product_cat-adrk-furniture","7":"product_cat-tv-stands","9":"first","10":"instock","11":"purchasable","12":"product-type-simple"},"_links":{"self":[{"href":"https:\/\/baldumarket.lt\/lt\/wp-json\/wp\/v2\/product\/305618","targetHints":{"allow":["GET"]}}],"collection":[{"href":"https:\/\/baldumarket.lt\/lt\/wp-json\/wp\/v2\/product"}],"about":[{"href":"https:\/\/baldumarket.lt\/lt\/wp-json\/wp\/v2\/types\/product"}],"replies":[{"embeddable":true,"href":"https:\/\/baldumarket.lt\/lt\/wp-json\/wp\/v2\/comments?post=305618"}],"wp:featuredmedia":[{"embeddable":true,"href":"https:\/\/baldumarket.lt\/lt\/wp-json\/wp\/v2\/media\/305619"}],"wp:attachment":[{"href":"https:\/\/baldumarket.lt\/lt\/wp-json\/wp\/v2\/media?parent=305618"}],"wp:term":[{"taxonomy":"product_brand","embeddable":true,"href":"https:\/\/baldumarket.lt\/lt\/wp-json\/wp\/v2\/product_brand?post=305618"},{"taxonomy":"product_cat","embeddable":true,"href":"https:\/\/baldumarket.lt\/lt\/wp-json\/wp\/v2\/product_cat?post=305618"},{"taxonomy":"product_tag","embeddable":true,"href":"https:\/\/baldumarket.lt\/lt\/wp-json\/wp\/v2\/product_tag?post=305618"}],"curies":[{"name":"wp","href":"https:\/\/api.w.org\/{rel}","templated":true}]}}