{"id":305499,"date":"2026-01-15T18:47:18","date_gmt":"2026-01-15T15:47:18","guid":{"rendered":"https:\/\/baldumarket.lt\/product\/polka-ivi-zloty-bialy-polysk-adrk\/"},"modified":"2026-02-11T18:09:03","modified_gmt":"2026-02-11T15:09:03","slug":"polka-ivi-zloty-bialy-polysk-adrk","status":"publish","type":"product","link":"https:\/\/baldumarket.lt\/lt\/product\/polka-ivi-zloty-bialy-polysk-adrk\/","title":{"rendered":"Ivi aukso\/baltos spalvos blizgi lentyna ADRK"},"content":{"rendered":"<p>\u201eIvi\u201c lentyna \u2013 stilingas ir funkcionalus interjero dizaino elementas, si\u016blomas pla\u010dios spalv\u0173 gamos, tod\u0117l jis dera prie \u012fvairi\u0173 interjero stili\u0173. Paprastas dizainas su metalin\u0117mis atramomis \u0161onuose suteikia lentynai modern\u0173, industrin\u012f vaizd\u0105, kartu u\u017etikrindamas stabilum\u0105 ir patvarum\u0105. Puikiai tinkanti svetainei, miegamajam ar biurui, \u201eIvi\u201c lentyna yra ir prakti\u0161kas daikt\u0173 laikymo sprendimas, ir \u012fdomus dekoratyvinis akcentas.<\/p>","protected":false},"excerpt":{"rendered":"<p>Plotis (cm): 70<br \/>\nAuk\u0161tis (cm): 10<br \/>\nGylis (cm): 18,5<br \/>\nAsambl\u0117ja<br \/>\nSavaranki\u0161kas surinkimas<br \/>\nProdukto svoris [kg]: 3<\/p>","protected":false},"featured_media":305500,"comment_status":"open","ping_status":"open","template":"","meta":[],"product_brand":[],"product_cat":[9201,1174],"product_tag":[],"class_list":{"0":"post-305499","1":"product","2":"type-product","3":"status-publish","4":"has-post-thumbnail","6":"product_cat-adrk-furniture","7":"product_cat-hanging-shelves","9":"first","10":"instock","11":"purchasable","12":"product-type-simple"},"_links":{"self":[{"href":"https:\/\/baldumarket.lt\/lt\/wp-json\/wp\/v2\/product\/305499","targetHints":{"allow":["GET"]}}],"collection":[{"href":"https:\/\/baldumarket.lt\/lt\/wp-json\/wp\/v2\/product"}],"about":[{"href":"https:\/\/baldumarket.lt\/lt\/wp-json\/wp\/v2\/types\/product"}],"replies":[{"embeddable":true,"href":"https:\/\/baldumarket.lt\/lt\/wp-json\/wp\/v2\/comments?post=305499"}],"wp:featuredmedia":[{"embeddable":true,"href":"https:\/\/baldumarket.lt\/lt\/wp-json\/wp\/v2\/media\/305500"}],"wp:attachment":[{"href":"https:\/\/baldumarket.lt\/lt\/wp-json\/wp\/v2\/media?parent=305499"}],"wp:term":[{"taxonomy":"product_brand","embeddable":true,"href":"https:\/\/baldumarket.lt\/lt\/wp-json\/wp\/v2\/product_brand?post=305499"},{"taxonomy":"product_cat","embeddable":true,"href":"https:\/\/baldumarket.lt\/lt\/wp-json\/wp\/v2\/product_cat?post=305499"},{"taxonomy":"product_tag","embeddable":true,"href":"https:\/\/baldumarket.lt\/lt\/wp-json\/wp\/v2\/product_tag?post=305499"}],"curies":[{"name":"wp","href":"https:\/\/api.w.org\/{rel}","templated":true}]}}