{"id":305410,"date":"2026-01-15T18:46:07","date_gmt":"2026-01-15T15:46:07","guid":{"rendered":"https:\/\/baldumarket.lt\/product\/polka-ovo-zloty-artisan-adrk\/"},"modified":"2026-02-11T18:09:06","modified_gmt":"2026-02-11T15:09:06","slug":"polka-ovo-zloty-artisan-adrk","status":"publish","type":"product","link":"https:\/\/baldumarket.lt\/lt\/product\/polka-ovo-zloty-artisan-adrk\/","title":{"rendered":"\u201eOvo Gold\u201c \/ \u201eArtisan ADRK\u201c lentyna"},"content":{"rendered":"<p>\u201eOvo\u201c lentyna \u2013 tai modernus ir stilingas interjero papildymas, i\u0161siskiriantis originaliu dizainu ir auk\u0161tos kokyb\u0117s meistri\u0161kumu. I\u0161skirtin\u0117, apvali lentynos forma suteikia erdvei harmonijos ir subtilumo, suteikdama jai unikal\u0173 stili\u0173. \u0160is modelis buvo sukurtas minimalistinio dizaino m\u0117g\u0117jams, kurie vertina estetikos ir funkcionalumo derin\u012f. Metalin\u0117s \u0161onin\u0117s rankenos suteikia \u201eOvo\u201c lentynai ne tik stabilumo, bet ir rafinuoto charakterio. D\u0117l plataus ranken\u0173 spalv\u0173 pasirinkimo \u2013 nuo klasikini\u0173 atspalvi\u0173, toki\u0173 kaip juoda ir balta, iki i\u0161rai\u0161kingesni\u0173 atspalvi\u0173, toki\u0173 kaip tamsiai \u017ealia, tamsiai m\u0117lyna ir madinga metalin\u0117 apdaila \u2013 \u201eOvo\u201c lentyna tampa dekoratyviniu elementu, kur\u012f galima lengvai integruoti \u012f \u012fvairius interjero dizainus. Lentyna puikiai atrodo tiek gyvenamosiose erdv\u0117se, tokiose kaip svetain\u0117, miegamasis ar koridorius, tiek moderniuose biuruose ar darbo kambariuose. \u201eOvo\u201c lentyna su metalin\u0117mis rankenomis yra pasi\u016blymas tiems, kurie ie\u0161ko eleganti\u0161ko, bet funkcionalaus sprendimo daiktams laikyti ir eksponuoti.<\/p>","protected":false},"excerpt":{"rendered":"<p>Plotis (cm): 60<br \/>\nAuk\u0161tis (cm): 10<br \/>\nGylis (cm): 23,5<br \/>\nAsambl\u0117ja<br \/>\nsavaranki\u0161kam surinkimui<br \/>\nProdukto svoris [kg]: 3<\/p>","protected":false},"featured_media":305411,"comment_status":"open","ping_status":"open","template":"","meta":[],"product_brand":[],"product_cat":[9201,1174],"product_tag":[],"class_list":{"0":"post-305410","1":"product","2":"type-product","3":"status-publish","4":"has-post-thumbnail","6":"product_cat-adrk-furniture","7":"product_cat-hanging-shelves","9":"first","10":"instock","11":"purchasable","12":"product-type-simple"},"_links":{"self":[{"href":"https:\/\/baldumarket.lt\/lt\/wp-json\/wp\/v2\/product\/305410","targetHints":{"allow":["GET"]}}],"collection":[{"href":"https:\/\/baldumarket.lt\/lt\/wp-json\/wp\/v2\/product"}],"about":[{"href":"https:\/\/baldumarket.lt\/lt\/wp-json\/wp\/v2\/types\/product"}],"replies":[{"embeddable":true,"href":"https:\/\/baldumarket.lt\/lt\/wp-json\/wp\/v2\/comments?post=305410"}],"wp:featuredmedia":[{"embeddable":true,"href":"https:\/\/baldumarket.lt\/lt\/wp-json\/wp\/v2\/media\/305411"}],"wp:attachment":[{"href":"https:\/\/baldumarket.lt\/lt\/wp-json\/wp\/v2\/media?parent=305410"}],"wp:term":[{"taxonomy":"product_brand","embeddable":true,"href":"https:\/\/baldumarket.lt\/lt\/wp-json\/wp\/v2\/product_brand?post=305410"},{"taxonomy":"product_cat","embeddable":true,"href":"https:\/\/baldumarket.lt\/lt\/wp-json\/wp\/v2\/product_cat?post=305410"},{"taxonomy":"product_tag","embeddable":true,"href":"https:\/\/baldumarket.lt\/lt\/wp-json\/wp\/v2\/product_tag?post=305410"}],"curies":[{"name":"wp","href":"https:\/\/api.w.org\/{rel}","templated":true}]}}