{"id":305375,"date":"2026-01-15T18:45:42","date_gmt":"2026-01-15T15:45:42","guid":{"rendered":"https:\/\/baldumarket.lt\/product\/lozko-dzieciece-flora-z-materacem-sosna-adrk-3\/"},"modified":"2026-02-11T18:09:06","modified_gmt":"2026-02-11T15:09:06","slug":"lozko-dzieciece-flora-z-materacem-sosna-adrk-3","status":"publish","type":"product","link":"https:\/\/baldumarket.lt\/lt\/product\/lozko-dzieciece-flora-z-materacem-sosna-adrk-3\/","title":{"rendered":"Vaiki\u0161ka lova \u201eFlora\u201c su pu\u0161imi ir ADRK \u010diu\u017einiu"},"content":{"rendered":"<p>Vaiki\u0161ka lova \u201eFlora\u201c \u2013 puikus sprendimas j\u016bs\u0173 vaiko kambariui. Sukurta atsi\u017evelgiant \u012f patogum\u0105 ir prakti\u0161kum\u0105, ji suteikia patogi\u0105 miegojimo viet\u0105 vienam asmeniui ir tuo pa\u010diu leid\u017eia maksimaliai i\u0161naudoti erdv\u0119 d\u0117l dviej\u0173 patalyn\u0117s skyri\u0173. Lova \u201eFlora\u201c yra ne tik estetinis papildymas, bet ir prakti\u0161kas pasirinkimas, pad\u0117siantis palaikyti tvark\u0105 j\u016bs\u0173 vaiko kambaryje.<\/p>","protected":false},"excerpt":{"rendered":"<p>Plotis (cm): 77<br \/>\n\u016agis (cm): 61<br \/>\nGylis (cm): 146<br \/>\nAsambl\u0117ja<br \/>\nSavaranki\u0161kas surinkimas<br \/>\nProdukto svoris [kg]: 50<br \/>\n\u010ciu\u017einio dydis<br \/>\n70&#215;140<\/p>","protected":false},"featured_media":305376,"comment_status":"open","ping_status":"open","template":"","meta":[],"product_brand":[],"product_cat":[9201,505],"product_tag":[],"class_list":{"0":"post-305375","1":"product","2":"type-product","3":"status-publish","4":"has-post-thumbnail","6":"product_cat-adrk-furniture","7":"product_cat-bedroom-beds","9":"first","10":"instock","11":"purchasable","12":"product-type-simple"},"_links":{"self":[{"href":"https:\/\/baldumarket.lt\/lt\/wp-json\/wp\/v2\/product\/305375","targetHints":{"allow":["GET"]}}],"collection":[{"href":"https:\/\/baldumarket.lt\/lt\/wp-json\/wp\/v2\/product"}],"about":[{"href":"https:\/\/baldumarket.lt\/lt\/wp-json\/wp\/v2\/types\/product"}],"replies":[{"embeddable":true,"href":"https:\/\/baldumarket.lt\/lt\/wp-json\/wp\/v2\/comments?post=305375"}],"wp:featuredmedia":[{"embeddable":true,"href":"https:\/\/baldumarket.lt\/lt\/wp-json\/wp\/v2\/media\/305376"}],"wp:attachment":[{"href":"https:\/\/baldumarket.lt\/lt\/wp-json\/wp\/v2\/media?parent=305375"}],"wp:term":[{"taxonomy":"product_brand","embeddable":true,"href":"https:\/\/baldumarket.lt\/lt\/wp-json\/wp\/v2\/product_brand?post=305375"},{"taxonomy":"product_cat","embeddable":true,"href":"https:\/\/baldumarket.lt\/lt\/wp-json\/wp\/v2\/product_cat?post=305375"},{"taxonomy":"product_tag","embeddable":true,"href":"https:\/\/baldumarket.lt\/lt\/wp-json\/wp\/v2\/product_tag?post=305375"}],"curies":[{"name":"wp","href":"https:\/\/api.w.org\/{rel}","templated":true}]}}