{"id":305247,"date":"2026-01-15T18:44:02","date_gmt":"2026-01-15T15:44:02","guid":{"rendered":"https:\/\/baldumarket.lt\/product\/lozko-domek-jaspis-bialy-dab-adrk\/"},"modified":"2026-02-11T18:09:10","modified_gmt":"2026-02-11T15:09:10","slug":"lozko-domek-jaspis-bialy-dab-adrk","status":"publish","type":"product","link":"https:\/\/baldumarket.lt\/lt\/product\/lozko-domek-jaspis-bialy-dab-adrk\/","title":{"rendered":"Lova \u201eKoted\u017eas\u201c, balta, \u201eJasper\u201c \/ \u201eADRK \u0105\u017euolas\u201c"},"content":{"rendered":"<p>\u201eJaspis House\u201c lova \u2013 puikus sprendimas \u0161eimoms, ie\u0161kan\u010dioms funkcionalumo ir estetikos derinio. \u0160is eleganti\u0161kas, dviej\u0173 spalv\u0173 baldas buvo sukurtas atsi\u017evelgiant \u012f maksimal\u0173 erdv\u0117s i\u0161naudojim\u0105 ir kasdien\u012f komfort\u0105. Lova susideda i\u0161 dviej\u0173 lygi\u0173 \u2013 pagrindin\u0117s miegojimo zonos ir i\u0161traukiamos dalies, puikiai tinkan\u010dios papildomai miegojimo ar \u017eaidim\u0173 erdvei. Papildomas privalumas \u2013 erdv\u016bs stal\u010diai po lova, kuriuose galima laikyti patalyn\u0119, \u017eaislus ir drabu\u017eius, u\u017etikrinant tvark\u0105 vaiko kambaryje. Tvirta konstrukcija, pagaminta i\u0161 saugi\u0173 med\u017eiag\u0173, ir stabilus r\u0117mas u\u017etikrina komfort\u0105 ir saugum\u0105. \u201eJaspis House\u201c lova \u2013 tai funkcionalus, stilingas baldas, kuris puikiai tiks prie bet kokio interjero. Galima rinktis i\u0161 \u012fvairi\u0173 spalv\u0173, tod\u0117l gal\u0117site pritaikyti lov\u0105 prie individuali\u0173 vaiko estetini\u0173 pageidavim\u0173!<\/p>","protected":false},"excerpt":{"rendered":"<p>Plotis (cm): 97<br \/>\n\u016agis (cm): 200<br \/>\nGylis (cm): 206<br \/>\nAsambl\u0117ja<br \/>\nSavaranki\u0161kas surinkimas<br \/>\nProdukto svoris [kg]: 75<br \/>\n\u010ciu\u017einio dydis<br \/>\n90&#215;190<\/p>","protected":false},"featured_media":305248,"comment_status":"open","ping_status":"open","template":"","meta":[],"product_brand":[],"product_cat":[9201,505],"product_tag":[],"class_list":{"0":"post-305247","1":"product","2":"type-product","3":"status-publish","4":"has-post-thumbnail","6":"product_cat-adrk-furniture","7":"product_cat-bedroom-beds","9":"first","10":"instock","11":"purchasable","12":"product-type-simple"},"_links":{"self":[{"href":"https:\/\/baldumarket.lt\/lt\/wp-json\/wp\/v2\/product\/305247","targetHints":{"allow":["GET"]}}],"collection":[{"href":"https:\/\/baldumarket.lt\/lt\/wp-json\/wp\/v2\/product"}],"about":[{"href":"https:\/\/baldumarket.lt\/lt\/wp-json\/wp\/v2\/types\/product"}],"replies":[{"embeddable":true,"href":"https:\/\/baldumarket.lt\/lt\/wp-json\/wp\/v2\/comments?post=305247"}],"wp:featuredmedia":[{"embeddable":true,"href":"https:\/\/baldumarket.lt\/lt\/wp-json\/wp\/v2\/media\/305248"}],"wp:attachment":[{"href":"https:\/\/baldumarket.lt\/lt\/wp-json\/wp\/v2\/media?parent=305247"}],"wp:term":[{"taxonomy":"product_brand","embeddable":true,"href":"https:\/\/baldumarket.lt\/lt\/wp-json\/wp\/v2\/product_brand?post=305247"},{"taxonomy":"product_cat","embeddable":true,"href":"https:\/\/baldumarket.lt\/lt\/wp-json\/wp\/v2\/product_cat?post=305247"},{"taxonomy":"product_tag","embeddable":true,"href":"https:\/\/baldumarket.lt\/lt\/wp-json\/wp\/v2\/product_tag?post=305247"}],"curies":[{"name":"wp","href":"https:\/\/api.w.org\/{rel}","templated":true}]}}