{"id":305177,"date":"2026-01-15T18:43:11","date_gmt":"2026-01-15T15:43:11","guid":{"rendered":"https:\/\/baldumarket.lt\/product\/lozko-dzieciece-dori-z-materacem-sosna-adrk\/"},"modified":"2026-02-11T18:09:12","modified_gmt":"2026-02-11T15:09:12","slug":"lozko-dzieciece-dori-z-materacem-sosna-adrk","status":"publish","type":"product","link":"https:\/\/baldumarket.lt\/lt\/product\/lozko-dzieciece-dori-z-materacem-sosna-adrk\/","title":{"rendered":"Dori vaiki\u0161ka lova su ADRK pu\u0161ies \u010diu\u017einiu"},"content":{"rendered":"<p>Vaiki\u0161ka lova \u201eDori\u201c \u2013 tai puikus funkcionalumo, estetikos ir saugumo derinys, sukurta galvojant apie ma\u017eiausius. Pagaminta i\u0161 tvirt\u0173 med\u017eiag\u0173 ir yra dviej\u0173 klasikini\u0173 spalv\u0173: \u201epu\u0161ies\u201c ir \u201ebaltos\u201c, tod\u0117l vaiko kambariui suteikia \u0161ilumos ir harmonijos. Lova \u201eDori\u201c \u2013 puiki investicija \u012f j\u016bs\u0173 vaiko komfort\u0105 ir ger\u0105 mieg\u0105, o d\u0117l nesenstan\u010dio dizaino ir patvari\u0173 med\u017eiag\u0173 ji tarnaus jums daugel\u012f met\u0173.<\/p>","protected":false},"excerpt":{"rendered":"<p>Plotis (cm): 97<br \/>\n\u016agis (cm): 38<br \/>\nGylis (cm): 206<br \/>\nAsambl\u0117ja<br \/>\nSavaranki\u0161kas surinkimas<br \/>\nProdukto svoris [kg]: 50<br \/>\n\u010ciu\u017einio dydis<br \/>\n90&#215;200<\/p>","protected":false},"featured_media":305178,"comment_status":"open","ping_status":"open","template":"","meta":[],"product_brand":[],"product_cat":[9201,505],"product_tag":[],"class_list":{"0":"post-305177","1":"product","2":"type-product","3":"status-publish","4":"has-post-thumbnail","6":"product_cat-adrk-furniture","7":"product_cat-bedroom-beds","9":"first","10":"instock","11":"purchasable","12":"product-type-simple"},"_links":{"self":[{"href":"https:\/\/baldumarket.lt\/lt\/wp-json\/wp\/v2\/product\/305177","targetHints":{"allow":["GET"]}}],"collection":[{"href":"https:\/\/baldumarket.lt\/lt\/wp-json\/wp\/v2\/product"}],"about":[{"href":"https:\/\/baldumarket.lt\/lt\/wp-json\/wp\/v2\/types\/product"}],"replies":[{"embeddable":true,"href":"https:\/\/baldumarket.lt\/lt\/wp-json\/wp\/v2\/comments?post=305177"}],"wp:featuredmedia":[{"embeddable":true,"href":"https:\/\/baldumarket.lt\/lt\/wp-json\/wp\/v2\/media\/305178"}],"wp:attachment":[{"href":"https:\/\/baldumarket.lt\/lt\/wp-json\/wp\/v2\/media?parent=305177"}],"wp:term":[{"taxonomy":"product_brand","embeddable":true,"href":"https:\/\/baldumarket.lt\/lt\/wp-json\/wp\/v2\/product_brand?post=305177"},{"taxonomy":"product_cat","embeddable":true,"href":"https:\/\/baldumarket.lt\/lt\/wp-json\/wp\/v2\/product_cat?post=305177"},{"taxonomy":"product_tag","embeddable":true,"href":"https:\/\/baldumarket.lt\/lt\/wp-json\/wp\/v2\/product_tag?post=305177"}],"curies":[{"name":"wp","href":"https:\/\/api.w.org\/{rel}","templated":true}]}}