{"id":305053,"date":"2026-01-15T18:41:39","date_gmt":"2026-01-15T15:41:39","guid":{"rendered":"https:\/\/baldumarket.lt\/product\/lozko-domek-artes-bialy-adrk\/"},"modified":"2026-02-11T18:09:16","modified_gmt":"2026-02-11T15:09:16","slug":"lozko-domek-artes-bialy-adrk","status":"publish","type":"product","link":"https:\/\/baldumarket.lt\/lt\/product\/lozko-domek-artes-bialy-adrk\/","title":{"rendered":"Artes namelio formos lova, balta, ADRK"},"content":{"rendered":"<p>\u2019Artes Cottage\u201c lova \u2013 stilingas ir funkcionalus sprendimas \u0161eimoms, kurios vertina prakti\u0161kum\u0105 ir estetik\u0105 viename. \u0160i dvigul\u0117 lova, \u012fkv\u0117pta namelio formos, sukuria jauki\u0105 ir \u0161ilt\u0105 atmosfer\u0105. D\u0117l unikalaus dizaino ji puikiai tinka tiek vaik\u0173, tiek paaugli\u0173 kambariams, kurdama erdv\u0119, skatinan\u010di\u0105 poils\u012f ir \u017eaidimus. Lova turi i\u0161traukiam\u0105 \u010diu\u017ein\u012f, tod\u0117l ja gali patogiai naudotis du \u017emon\u0117s \u2013 idealiai tinka nakvynei sve\u010diams ar broliams ir seserims, besidalijantiems kambariu. Be to, lovoje yra prakti\u0161ki stal\u010diai, kuriuose yra papildomos vietos patalynei, \u017eaislams ir kitiems aksesuarams laikyti, padedant palaikyti tvark\u0105.<\/p>","protected":false},"excerpt":{"rendered":"<p>Plotis (cm): 97<br \/>\n\u016agis (cm): 190<br \/>\nGylis (cm): 206<br \/>\nAsambl\u0117ja<br \/>\nSavaranki\u0161kas surinkimas<br \/>\nProdukto svoris [kg]: 70<br \/>\n\u010ciu\u017einio dydis<br \/>\n90&#215;190<\/p>","protected":false},"featured_media":305054,"comment_status":"open","ping_status":"open","template":"","meta":[],"product_brand":[],"product_cat":[9201,505],"product_tag":[],"class_list":{"0":"post-305053","1":"product","2":"type-product","3":"status-publish","4":"has-post-thumbnail","6":"product_cat-adrk-furniture","7":"product_cat-bedroom-beds","9":"first","10":"instock","11":"purchasable","12":"product-type-simple"},"_links":{"self":[{"href":"https:\/\/baldumarket.lt\/lt\/wp-json\/wp\/v2\/product\/305053","targetHints":{"allow":["GET"]}}],"collection":[{"href":"https:\/\/baldumarket.lt\/lt\/wp-json\/wp\/v2\/product"}],"about":[{"href":"https:\/\/baldumarket.lt\/lt\/wp-json\/wp\/v2\/types\/product"}],"replies":[{"embeddable":true,"href":"https:\/\/baldumarket.lt\/lt\/wp-json\/wp\/v2\/comments?post=305053"}],"wp:featuredmedia":[{"embeddable":true,"href":"https:\/\/baldumarket.lt\/lt\/wp-json\/wp\/v2\/media\/305054"}],"wp:attachment":[{"href":"https:\/\/baldumarket.lt\/lt\/wp-json\/wp\/v2\/media?parent=305053"}],"wp:term":[{"taxonomy":"product_brand","embeddable":true,"href":"https:\/\/baldumarket.lt\/lt\/wp-json\/wp\/v2\/product_brand?post=305053"},{"taxonomy":"product_cat","embeddable":true,"href":"https:\/\/baldumarket.lt\/lt\/wp-json\/wp\/v2\/product_cat?post=305053"},{"taxonomy":"product_tag","embeddable":true,"href":"https:\/\/baldumarket.lt\/lt\/wp-json\/wp\/v2\/product_tag?post=305053"}],"curies":[{"name":"wp","href":"https:\/\/api.w.org\/{rel}","templated":true}]}}