{"id":305028,"date":"2026-01-15T18:41:20","date_gmt":"2026-01-15T15:41:20","guid":{"rendered":"https:\/\/baldumarket.lt\/product\/lozko-domek-artes-ii-bialy-adrk-2\/"},"modified":"2026-02-11T18:09:17","modified_gmt":"2026-02-11T15:09:17","slug":"lozko-domek-artes-ii-bialy-adrk-2","status":"publish","type":"product","link":"https:\/\/baldumarket.lt\/lt\/product\/lozko-domek-artes-ii-bialy-adrk-2\/","title":{"rendered":"Artes II namelio formos lova, balta, ADRK"},"content":{"rendered":"<p>\u201eArtes II\u201c namelio formos lova \u2013 puikus sprendimas ie\u0161kantiems originalaus dizaino ir prakti\u0161k\u0173 sprendim\u0173 vaiko ar paauglio kambariui. \u0160is modelis yra **dvigul\u0117 lova** su unikalia namelio forma, kuri lengvai gali tapti bet kokio interjero traukos centru. Lova apr\u016bpinta **papildomais stal\u010diais**, kurie padeda sutvarkyti erdv\u0119, leid\u017eia laikyti patalyn\u0119, \u017eaislus ir kitus b\u016btiniausius daiktus. Tai suteikia j\u016bs\u0173 vaikui daugiau erdv\u0117s \u017eaidimams ir mokymuisi. Vienas did\u017eiausi\u0173 \u201eArtes II\u201c lovos privalum\u0173 yra jos **modulin\u0117 konstrukcija**. Namo formos r\u0117m\u0105 galima lengvai i\u0161ardyti, tod\u0117l galite j\u012f paversti klasiki\u0161kesniu lovos modeliu, pritaikytu prie kintan\u010di\u0173 j\u016bs\u0173 vaiko poreiki\u0173.<\/p>","protected":false},"excerpt":{"rendered":"<p>Plotis (cm): 87<br \/>\n\u016agis (cm): 185<br \/>\nGylis (cm): 186<br \/>\nAsambl\u0117ja<br \/>\nSavaranki\u0161kas surinkimas<br \/>\nProdukto svoris [kg]: 70<br \/>\n\u010ciu\u017einio dydis<br \/>\n80&#215;170<\/p>","protected":false},"featured_media":305029,"comment_status":"open","ping_status":"open","template":"","meta":[],"product_brand":[],"product_cat":[9201,505],"product_tag":[],"class_list":{"0":"post-305028","1":"product","2":"type-product","3":"status-publish","4":"has-post-thumbnail","6":"product_cat-adrk-furniture","7":"product_cat-bedroom-beds","9":"first","10":"instock","11":"purchasable","12":"product-type-simple"},"_links":{"self":[{"href":"https:\/\/baldumarket.lt\/lt\/wp-json\/wp\/v2\/product\/305028","targetHints":{"allow":["GET"]}}],"collection":[{"href":"https:\/\/baldumarket.lt\/lt\/wp-json\/wp\/v2\/product"}],"about":[{"href":"https:\/\/baldumarket.lt\/lt\/wp-json\/wp\/v2\/types\/product"}],"replies":[{"embeddable":true,"href":"https:\/\/baldumarket.lt\/lt\/wp-json\/wp\/v2\/comments?post=305028"}],"wp:featuredmedia":[{"embeddable":true,"href":"https:\/\/baldumarket.lt\/lt\/wp-json\/wp\/v2\/media\/305029"}],"wp:attachment":[{"href":"https:\/\/baldumarket.lt\/lt\/wp-json\/wp\/v2\/media?parent=305028"}],"wp:term":[{"taxonomy":"product_brand","embeddable":true,"href":"https:\/\/baldumarket.lt\/lt\/wp-json\/wp\/v2\/product_brand?post=305028"},{"taxonomy":"product_cat","embeddable":true,"href":"https:\/\/baldumarket.lt\/lt\/wp-json\/wp\/v2\/product_cat?post=305028"},{"taxonomy":"product_tag","embeddable":true,"href":"https:\/\/baldumarket.lt\/lt\/wp-json\/wp\/v2\/product_tag?post=305028"}],"curies":[{"name":"wp","href":"https:\/\/api.w.org\/{rel}","templated":true}]}}