{"id":304959,"date":"2026-01-15T18:40:28","date_gmt":"2026-01-15T15:40:28","guid":{"rendered":"https:\/\/baldumarket.lt\/product\/lozko-domek-graja-z-materacem-bialy-adrk-3\/"},"modified":"2026-01-17T15:37:27","modified_gmt":"2026-01-17T12:37:27","slug":"lozko-domek-graja-z-materacem-bialy-adrk-3","status":"publish","type":"product","link":"https:\/\/baldumarket.lt\/lt\/produktas\/lozko-domek-graja-z-materacem-bialy-adrk-3\/","title":{"rendered":"\u0141\u00f3\u017cko Domek Graja z materacem Bia\u0142y ADRK"},"content":{"rendered":"<p>The Graja house bed is a unique combination of comfort, functionality, and joy for your child! This charming and stylish house-shaped piece provides the perfect space for relaxation while encouraging creative play. Mattress included.<\/p>","protected":false},"excerpt":{"rendered":"<p>Width (cm): 77<br \/>\nHeight (cm): 145<br \/>\nDepth (cm): 146<br \/>\nAsambl\u0117ja<br \/>\nSavaranki\u0161kas surinkimas<br \/>\nProduct weight [kg]: 30<br \/>\n\u010ciu\u017einio dydis<br \/>\n70&#215;140<\/p>","protected":false},"featured_media":304960,"comment_status":"open","ping_status":"open","template":"","meta":[],"product_brand":[],"product_cat":[9201,505],"product_tag":[],"class_list":{"0":"post-304959","1":"product","2":"type-product","3":"status-publish","4":"has-post-thumbnail","6":"product_cat-adrk-furniture","7":"product_cat-bedroom-beds","9":"first","10":"instock","11":"purchasable","12":"product-type-simple"},"_links":{"self":[{"href":"https:\/\/baldumarket.lt\/lt\/wp-json\/wp\/v2\/product\/304959","targetHints":{"allow":["GET"]}}],"collection":[{"href":"https:\/\/baldumarket.lt\/lt\/wp-json\/wp\/v2\/product"}],"about":[{"href":"https:\/\/baldumarket.lt\/lt\/wp-json\/wp\/v2\/types\/product"}],"replies":[{"embeddable":true,"href":"https:\/\/baldumarket.lt\/lt\/wp-json\/wp\/v2\/comments?post=304959"}],"wp:featuredmedia":[{"embeddable":true,"href":"https:\/\/baldumarket.lt\/lt\/wp-json\/wp\/v2\/media\/304960"}],"wp:attachment":[{"href":"https:\/\/baldumarket.lt\/lt\/wp-json\/wp\/v2\/media?parent=304959"}],"wp:term":[{"taxonomy":"product_brand","embeddable":true,"href":"https:\/\/baldumarket.lt\/lt\/wp-json\/wp\/v2\/product_brand?post=304959"},{"taxonomy":"product_cat","embeddable":true,"href":"https:\/\/baldumarket.lt\/lt\/wp-json\/wp\/v2\/product_cat?post=304959"},{"taxonomy":"product_tag","embeddable":true,"href":"https:\/\/baldumarket.lt\/lt\/wp-json\/wp\/v2\/product_tag?post=304959"}],"curies":[{"name":"wp","href":"https:\/\/api.w.org\/{rel}","templated":true}]}}