{"id":304946,"date":"2026-01-15T18:40:16","date_gmt":"2026-01-15T15:40:16","guid":{"rendered":"https:\/\/baldumarket.lt\/product\/lozko-domek-graja-bialy-adrk-2\/"},"modified":"2026-02-11T18:09:20","modified_gmt":"2026-02-11T15:09:20","slug":"lozko-domek-graja-bialy-adrk-2","status":"publish","type":"product","link":"https:\/\/baldumarket.lt\/lt\/product\/lozko-domek-graja-bialy-adrk-2\/","title":{"rendered":"Graja namo lova, balta, ADRK"},"content":{"rendered":"<p>\u201eGraja\u201c namelio formos lova \u2013 tai unikalus komforto, funkcionalumo ir d\u017eiaugsmo derinys j\u016bs\u0173 vaikui! \u0160is \u017eavus ir stilingas namelio formos baldas suteikia puiki\u0105 erdv\u0119 poilsiui ir skatina k\u016brybin\u012f \u017eaidim\u0105.<\/p>","protected":false},"excerpt":{"rendered":"<p>Plotis (cm): 87<br \/>\n\u016agis (cm): 150<br \/>\nGylis (cm): 186<br \/>\nAsambl\u0117ja<br \/>\nSavaranki\u0161kas surinkimas<br \/>\nProdukto svoris [kg]: 30<br \/>\n\u010ciu\u017einio dydis<br \/>\n80&#215;180<\/p>","protected":false},"featured_media":304947,"comment_status":"open","ping_status":"open","template":"","meta":[],"product_brand":[],"product_cat":[9201,505],"product_tag":[],"class_list":{"0":"post-304946","1":"product","2":"type-product","3":"status-publish","4":"has-post-thumbnail","6":"product_cat-adrk-furniture","7":"product_cat-bedroom-beds","9":"first","10":"instock","11":"purchasable","12":"product-type-simple"},"_links":{"self":[{"href":"https:\/\/baldumarket.lt\/lt\/wp-json\/wp\/v2\/product\/304946","targetHints":{"allow":["GET"]}}],"collection":[{"href":"https:\/\/baldumarket.lt\/lt\/wp-json\/wp\/v2\/product"}],"about":[{"href":"https:\/\/baldumarket.lt\/lt\/wp-json\/wp\/v2\/types\/product"}],"replies":[{"embeddable":true,"href":"https:\/\/baldumarket.lt\/lt\/wp-json\/wp\/v2\/comments?post=304946"}],"wp:featuredmedia":[{"embeddable":true,"href":"https:\/\/baldumarket.lt\/lt\/wp-json\/wp\/v2\/media\/304947"}],"wp:attachment":[{"href":"https:\/\/baldumarket.lt\/lt\/wp-json\/wp\/v2\/media?parent=304946"}],"wp:term":[{"taxonomy":"product_brand","embeddable":true,"href":"https:\/\/baldumarket.lt\/lt\/wp-json\/wp\/v2\/product_brand?post=304946"},{"taxonomy":"product_cat","embeddable":true,"href":"https:\/\/baldumarket.lt\/lt\/wp-json\/wp\/v2\/product_cat?post=304946"},{"taxonomy":"product_tag","embeddable":true,"href":"https:\/\/baldumarket.lt\/lt\/wp-json\/wp\/v2\/product_tag?post=304946"}],"curies":[{"name":"wp","href":"https:\/\/api.w.org\/{rel}","templated":true}]}}