{"id":304871,"date":"2026-01-15T18:39:16","date_gmt":"2026-01-15T15:39:16","guid":{"rendered":"https:\/\/baldumarket.lt\/product\/komoda-1d-3s-3p-tili-bez-piaskowy-adrk\/"},"modified":"2026-02-11T18:09:22","modified_gmt":"2026-02-11T15:09:22","slug":"komoda-1d-3s-3p-tili-bez-piaskowy-adrk","status":"publish","type":"product","link":"https:\/\/baldumarket.lt\/lt\/product\/komoda-1d-3s-3p-tili-bez-piaskowy-adrk\/","title":{"rendered":"Komoda 1D 3S 3P Tili sm\u0117lio spalvos ADRK"},"content":{"rendered":"<p>\u201eTili System\u201c komoda \u2013 tai modernus baldas, kuris d\u0117l gerai apgalvotos spalv\u0173 palet\u0117s ir eleganti\u0161ko dizaino skland\u017eiai dera prie \u012fvairi\u0173 interjer\u0173. Galima rinktis i\u0161 trij\u0173 spalv\u0173: **juodos**, **sm\u0117lio sm\u0117lin\u0117s** ir **eukalipto**. Komoda pasi\u017eymi harmoningu funkcionalumo ir estetikos deriniu. Kiekviena spalva kruop\u0161\u010diai sukurta siekiant pabr\u0117\u017eti unikal\u0173 interjero charakter\u012f. **juoda** suteikia komodai rafinuot\u0105, modern\u0173 vaizd\u0105, idealiai tinkant\u012f minimalistin\u0117ms ir eleganti\u0161koms erdv\u0117ms. **sm\u0117lio sm\u0117lin\u0117** suteikia \u0161ilumos ir subtilumo, puikiai papildydama \u0161viesius, nat\u016bralius dekoro elementus. Kita vertus, **eukaliptas** \u2013 tai gamtos \u012fkv\u0117ptas atspalvis, suteikiantis interjerui gaivumo ir lengvumo, puikiai tinkantis tiek moderniam, tiek klasikiniam dizainui.<\/p>","protected":false},"excerpt":{"rendered":"<p>Plotis (cm): 100,2<br \/>\n\u016agis (cm): 95<br \/>\nGylis (cm): 40,8<br \/>\nAsambl\u0117ja<br \/>\nSavaranki\u0161kas surinkimas<br \/>\nProdukto svoris [kg]: 40<\/p>","protected":false},"featured_media":304872,"comment_status":"open","ping_status":"open","template":"","meta":[],"product_brand":[],"product_cat":[9201,1173],"product_tag":[],"class_list":{"0":"post-304871","1":"product","2":"type-product","3":"status-publish","4":"has-post-thumbnail","6":"product_cat-adrk-furniture","7":"product_cat-chests-of-drawers","9":"first","10":"instock","11":"purchasable","12":"product-type-simple"},"_links":{"self":[{"href":"https:\/\/baldumarket.lt\/lt\/wp-json\/wp\/v2\/product\/304871","targetHints":{"allow":["GET"]}}],"collection":[{"href":"https:\/\/baldumarket.lt\/lt\/wp-json\/wp\/v2\/product"}],"about":[{"href":"https:\/\/baldumarket.lt\/lt\/wp-json\/wp\/v2\/types\/product"}],"replies":[{"embeddable":true,"href":"https:\/\/baldumarket.lt\/lt\/wp-json\/wp\/v2\/comments?post=304871"}],"wp:featuredmedia":[{"embeddable":true,"href":"https:\/\/baldumarket.lt\/lt\/wp-json\/wp\/v2\/media\/304872"}],"wp:attachment":[{"href":"https:\/\/baldumarket.lt\/lt\/wp-json\/wp\/v2\/media?parent=304871"}],"wp:term":[{"taxonomy":"product_brand","embeddable":true,"href":"https:\/\/baldumarket.lt\/lt\/wp-json\/wp\/v2\/product_brand?post=304871"},{"taxonomy":"product_cat","embeddable":true,"href":"https:\/\/baldumarket.lt\/lt\/wp-json\/wp\/v2\/product_cat?post=304871"},{"taxonomy":"product_tag","embeddable":true,"href":"https:\/\/baldumarket.lt\/lt\/wp-json\/wp\/v2\/product_tag?post=304871"}],"curies":[{"name":"wp","href":"https:\/\/api.w.org\/{rel}","templated":true}]}}