{"id":304726,"date":"2026-01-15T18:37:27","date_gmt":"2026-01-15T15:37:27","guid":{"rendered":"https:\/\/baldumarket.lt\/product\/szafka-rtv-2d-tili-eukaliptus-adrk\/"},"modified":"2026-02-11T18:09:25","modified_gmt":"2026-02-11T15:09:25","slug":"szafka-rtv-2d-tili-eukaliptus-adrk","status":"publish","type":"product","link":"https:\/\/baldumarket.lt\/lt\/product\/szafka-rtv-2d-tili-eukaliptus-adrk\/","title":{"rendered":"2D Tili Eucalyptus TV spinta ADRK"},"content":{"rendered":"<p>Suteikite savo svetainei stiliaus ir funkcionalumo su m\u016bs\u0173 eleganti\u0161ku \u201eTili\u201c televizoriaus staliuku, kur\u012f galite \u012fsigyti trij\u0173 unikali\u0173 spalv\u0173: sm\u0117lio, eukalipto ir juodos. Kiekvienas atspalvis kruop\u0161\u010diai parinktas, kad der\u0117t\u0173 prie \u012fvairi\u0173 interjero dizain\u0173 \u2013 nuo modernaus iki klasikinio. Pasirinkite \u201eTili\u201c televizoriaus staliuk\u0105 tokios spalvos, kuri geriausiai atitinka j\u016bs\u0173 pageidavimus, ir sukurkite stiling\u0105 bei jauk\u0173 erdv\u0119. Tai tobulas baldas, kuriame dera estetika ir prakti\u0161kumas.<\/p>","protected":false},"excerpt":{"rendered":"<p>Plotis (cm): 120,6<br \/>\n\u016agis (cm): 50<br \/>\nGylis (cm): 40,8<br \/>\nAsambl\u0117ja<br \/>\nSavaranki\u0161kas surinkimas<br \/>\nProdukto svoris [kg]: 22<\/p>","protected":false},"featured_media":304727,"comment_status":"open","ping_status":"open","template":"","meta":[],"product_brand":[],"product_cat":[9201,1175],"product_tag":[],"class_list":{"0":"post-304726","1":"product","2":"type-product","3":"status-publish","4":"has-post-thumbnail","6":"product_cat-adrk-furniture","7":"product_cat-tv-stands","9":"first","10":"instock","11":"purchasable","12":"product-type-simple"},"_links":{"self":[{"href":"https:\/\/baldumarket.lt\/lt\/wp-json\/wp\/v2\/product\/304726","targetHints":{"allow":["GET"]}}],"collection":[{"href":"https:\/\/baldumarket.lt\/lt\/wp-json\/wp\/v2\/product"}],"about":[{"href":"https:\/\/baldumarket.lt\/lt\/wp-json\/wp\/v2\/types\/product"}],"replies":[{"embeddable":true,"href":"https:\/\/baldumarket.lt\/lt\/wp-json\/wp\/v2\/comments?post=304726"}],"wp:featuredmedia":[{"embeddable":true,"href":"https:\/\/baldumarket.lt\/lt\/wp-json\/wp\/v2\/media\/304727"}],"wp:attachment":[{"href":"https:\/\/baldumarket.lt\/lt\/wp-json\/wp\/v2\/media?parent=304726"}],"wp:term":[{"taxonomy":"product_brand","embeddable":true,"href":"https:\/\/baldumarket.lt\/lt\/wp-json\/wp\/v2\/product_brand?post=304726"},{"taxonomy":"product_cat","embeddable":true,"href":"https:\/\/baldumarket.lt\/lt\/wp-json\/wp\/v2\/product_cat?post=304726"},{"taxonomy":"product_tag","embeddable":true,"href":"https:\/\/baldumarket.lt\/lt\/wp-json\/wp\/v2\/product_tag?post=304726"}],"curies":[{"name":"wp","href":"https:\/\/api.w.org\/{rel}","templated":true}]}}