{"id":304686,"date":"2026-01-15T18:36:57","date_gmt":"2026-01-15T15:36:57","guid":{"rendered":"https:\/\/baldumarket.lt\/product\/stolik-nocny-tili-czarny-adrk\/"},"modified":"2026-02-11T18:09:25","modified_gmt":"2026-02-11T15:09:25","slug":"stolik-nocny-tili-czarny-adrk","status":"publish","type":"product","link":"https:\/\/baldumarket.lt\/lt\/product\/stolik-nocny-tili-czarny-adrk\/","title":{"rendered":"Tili juodas ADRK naktinis staliukas"},"content":{"rendered":"<p>\u201eTili\u201c naktinis staliukas \u2013 stilingas ir funkcionalus bet kurio miegamojo aksesuaras. Modernus dizainas harmoningai derina paprastum\u0105 ir elegancij\u0105, sukurdamas bald\u0105, kuris ne tik puikiai atrodo, bet ir atlieka visas svarbiausias funkcijas. Staliukas turi prakti\u0161k\u0105 stal\u010di\u0173, kuriame yra vietos b\u016btiniausiems daiktams, pavyzd\u017eiui, knygoms, telefonui ar naktinei lempai, laikyti. \u201eTili\u201c naktinis staliukas, kur\u012f galima \u012fsigyti \u012fvairi\u0173 rafinuot\u0173 spalv\u0173, lengvai papildys \u012fvairius interjero stilius \u2013 nuo minimalistinio iki klasikinio. Pagamintas i\u0161 auk\u0161tos kokyb\u0117s med\u017eiag\u0173, jis garantuoja patvarum\u0105 ir komfort\u0105. Tai puikus pasirinkimas tiems, kurie kasdieniame gyvenime vertina ir estetik\u0105, ir prakti\u0161kum\u0105.<\/p>","protected":false},"excerpt":{"rendered":"<p>Plotis (cm): 51,8<br \/>\n\u016agis (cm): 50<br \/>\nGylis (cm): 40,8<br \/>\nSurinkimas: Savaranki\u0161kas surinkimas<br \/>\nProdukto svoris [kg]: 14,5<\/p>","protected":false},"featured_media":304687,"comment_status":"open","ping_status":"open","template":"","meta":[],"product_brand":[],"product_cat":[9201,1176],"product_tag":[],"class_list":{"0":"post-304686","1":"product","2":"type-product","3":"status-publish","4":"has-post-thumbnail","6":"product_cat-adrk-furniture","7":"product_cat-bedside-tables","9":"first","10":"instock","11":"purchasable","12":"product-type-simple"},"_links":{"self":[{"href":"https:\/\/baldumarket.lt\/lt\/wp-json\/wp\/v2\/product\/304686","targetHints":{"allow":["GET"]}}],"collection":[{"href":"https:\/\/baldumarket.lt\/lt\/wp-json\/wp\/v2\/product"}],"about":[{"href":"https:\/\/baldumarket.lt\/lt\/wp-json\/wp\/v2\/types\/product"}],"replies":[{"embeddable":true,"href":"https:\/\/baldumarket.lt\/lt\/wp-json\/wp\/v2\/comments?post=304686"}],"wp:featuredmedia":[{"embeddable":true,"href":"https:\/\/baldumarket.lt\/lt\/wp-json\/wp\/v2\/media\/304687"}],"wp:attachment":[{"href":"https:\/\/baldumarket.lt\/lt\/wp-json\/wp\/v2\/media?parent=304686"}],"wp:term":[{"taxonomy":"product_brand","embeddable":true,"href":"https:\/\/baldumarket.lt\/lt\/wp-json\/wp\/v2\/product_brand?post=304686"},{"taxonomy":"product_cat","embeddable":true,"href":"https:\/\/baldumarket.lt\/lt\/wp-json\/wp\/v2\/product_cat?post=304686"},{"taxonomy":"product_tag","embeddable":true,"href":"https:\/\/baldumarket.lt\/lt\/wp-json\/wp\/v2\/product_tag?post=304686"}],"curies":[{"name":"wp","href":"https:\/\/api.w.org\/{rel}","templated":true}]}}