{"id":304676,"date":"2026-01-15T18:36:50","date_gmt":"2026-01-15T15:36:50","guid":{"rendered":"https:\/\/baldumarket.lt\/product\/witryna-tili-bez-piaskowy-adrk\/"},"modified":"2026-02-11T18:09:26","modified_gmt":"2026-02-11T15:09:26","slug":"witryna-tili-bez-piaskowy-adrk","status":"publish","type":"product","link":"https:\/\/baldumarket.lt\/lt\/product\/witryna-tili-bez-piaskowy-adrk\/","title":{"rendered":"Tili vitrinin\u0117 spintel\u0117 sm\u0117lio sm\u0117lio spalvos ADRK"},"content":{"rendered":"<p>\u201eTili\u201c vitrina \u2013 tai eleganti\u0161kas ir funkcionalus baldas, kuris j\u016bs\u0173 interjerui suteiks modernaus stiliaus. Paprastas, ta\u010diau rafinuotas dizainas idealiai tinka tiek svetain\u0117ms, tiek valgomiesiems, tiek biurams. \u201eTili\u201c vitrina turi erdvias stiklines lentynas, kuriose galite eksponuoti m\u0117gstamas dekoracijas, knygas ar stalo \u012frankius, apsaugodami juos nuo dulki\u0173. Apatin\u0117s spintel\u0117s arba stal\u010diai suteikia papildomos vietos daiktams susid\u0117ti ir padeda palaikyti tvark\u0105 kambaryje. \u201eTili\u201c vitrina, kuri\u0105 galima \u012fsigyti \u012fvairi\u0173 eleganti\u0161k\u0173 spalv\u0173, puikiai dera prie \u012fvairi\u0173 interjero stili\u0173 \u2013 nuo modernaus iki klasikinio. Kruop\u0161\u010diai sukurta atsi\u017evelgiant \u012f detales, ji garantuoja ne tik gra\u017ei\u0105 i\u0161vaizd\u0105, bet ir tvirtum\u0105 bei ilgaam\u017ei\u0161kum\u0105. Tai puikus estetikos ir funkcionalumo derinys, tapsiantis bet kurio kambario traukos centru.<\/p>","protected":false},"excerpt":{"rendered":"<p>Plotis (cm): 51,8<br \/>\n\u016agis (cm): 195<br \/>\nGylis (cm): 40,8<br \/>\nSurinkimas: Savaranki\u0161kas surinkimas<br \/>\nProdukto svoris [kg]: 41<\/p>","protected":false},"featured_media":304677,"comment_status":"open","ping_status":"open","template":"","meta":[],"product_brand":[],"product_cat":[9201,2006],"product_tag":[],"class_list":{"0":"post-304676","1":"product","2":"type-product","3":"status-publish","4":"has-post-thumbnail","6":"product_cat-adrk-furniture","7":"product_cat-vitrines","9":"first","10":"instock","11":"purchasable","12":"product-type-simple"},"_links":{"self":[{"href":"https:\/\/baldumarket.lt\/lt\/wp-json\/wp\/v2\/product\/304676","targetHints":{"allow":["GET"]}}],"collection":[{"href":"https:\/\/baldumarket.lt\/lt\/wp-json\/wp\/v2\/product"}],"about":[{"href":"https:\/\/baldumarket.lt\/lt\/wp-json\/wp\/v2\/types\/product"}],"replies":[{"embeddable":true,"href":"https:\/\/baldumarket.lt\/lt\/wp-json\/wp\/v2\/comments?post=304676"}],"wp:featuredmedia":[{"embeddable":true,"href":"https:\/\/baldumarket.lt\/lt\/wp-json\/wp\/v2\/media\/304677"}],"wp:attachment":[{"href":"https:\/\/baldumarket.lt\/lt\/wp-json\/wp\/v2\/media?parent=304676"}],"wp:term":[{"taxonomy":"product_brand","embeddable":true,"href":"https:\/\/baldumarket.lt\/lt\/wp-json\/wp\/v2\/product_brand?post=304676"},{"taxonomy":"product_cat","embeddable":true,"href":"https:\/\/baldumarket.lt\/lt\/wp-json\/wp\/v2\/product_cat?post=304676"},{"taxonomy":"product_tag","embeddable":true,"href":"https:\/\/baldumarket.lt\/lt\/wp-json\/wp\/v2\/product_tag?post=304676"}],"curies":[{"name":"wp","href":"https:\/\/api.w.org\/{rel}","templated":true}]}}