{"id":304646,"date":"2026-01-15T18:36:28","date_gmt":"2026-01-15T15:36:28","guid":{"rendered":"https:\/\/baldumarket.lt\/product\/biurko-z-kontenerkiem-iwo-i-grafit-artisan-adrk\/"},"modified":"2026-02-11T18:09:26","modified_gmt":"2026-02-11T15:09:26","slug":"biurko-z-kontenerkiem-iwo-i-grafit-artisan-adrk","status":"publish","type":"product","link":"https:\/\/baldumarket.lt\/lt\/product\/biurko-z-kontenerkiem-iwo-i-grafit-artisan-adrk\/","title":{"rendered":"Iwo I ra\u0161omasis stalas su d\u0117\u017eute, grafito spalvos\/artisaninis, ADRK"},"content":{"rendered":"<p>\u201eIWO I\u201c stalas puikiai tinka jaunimo kambariui, biurui ar studijai. Jame taip pat yra funkcionalus daiktad\u0117\u017e\u0117s blokas, kuriame galima laikyti \u012fvairius biuro reikmenis. Be to, jis yra mobilus, tod\u0117l galite j\u012f pastatyti bet kur. \u201eIWO I\u201c stalas yra pritaikomas ir universalus baldas, kuris tikrai tiks prie daugumos interjer\u0173.<\/p>","protected":false},"excerpt":{"rendered":"<p>Plotis (cm): 135<br \/>\n\u016agis (cm): 75,2<br \/>\nGylis (cm): 65<br \/>\nAsambl\u0117ja<br \/>\nSavaranki\u0161kas surinkimas<br \/>\nProdukto svoris [kg]: 50<\/p>","protected":false},"featured_media":304647,"comment_status":"open","ping_status":"open","template":"","meta":[],"product_brand":[],"product_cat":[9201,1312],"product_tag":[],"class_list":{"0":"post-304646","1":"product","2":"type-product","3":"status-publish","4":"has-post-thumbnail","6":"product_cat-adrk-furniture","7":"product_cat-desks","9":"first","10":"instock","11":"purchasable","12":"product-type-simple"},"_links":{"self":[{"href":"https:\/\/baldumarket.lt\/lt\/wp-json\/wp\/v2\/product\/304646","targetHints":{"allow":["GET"]}}],"collection":[{"href":"https:\/\/baldumarket.lt\/lt\/wp-json\/wp\/v2\/product"}],"about":[{"href":"https:\/\/baldumarket.lt\/lt\/wp-json\/wp\/v2\/types\/product"}],"replies":[{"embeddable":true,"href":"https:\/\/baldumarket.lt\/lt\/wp-json\/wp\/v2\/comments?post=304646"}],"wp:featuredmedia":[{"embeddable":true,"href":"https:\/\/baldumarket.lt\/lt\/wp-json\/wp\/v2\/media\/304647"}],"wp:attachment":[{"href":"https:\/\/baldumarket.lt\/lt\/wp-json\/wp\/v2\/media?parent=304646"}],"wp:term":[{"taxonomy":"product_brand","embeddable":true,"href":"https:\/\/baldumarket.lt\/lt\/wp-json\/wp\/v2\/product_brand?post=304646"},{"taxonomy":"product_cat","embeddable":true,"href":"https:\/\/baldumarket.lt\/lt\/wp-json\/wp\/v2\/product_cat?post=304646"},{"taxonomy":"product_tag","embeddable":true,"href":"https:\/\/baldumarket.lt\/lt\/wp-json\/wp\/v2\/product_tag?post=304646"}],"curies":[{"name":"wp","href":"https:\/\/api.w.org\/{rel}","templated":true}]}}