{"id":304636,"date":"2026-01-15T18:36:21","date_gmt":"2026-01-15T15:36:21","guid":{"rendered":"https:\/\/baldumarket.lt\/product\/biurko-narozne-iwo-ii-grafit-artisan-adrk\/"},"modified":"2026-02-11T18:09:27","modified_gmt":"2026-02-11T15:09:27","slug":"biurko-narozne-iwo-ii-grafit-artisan-adrk","status":"publish","type":"product","link":"https:\/\/baldumarket.lt\/lt\/product\/biurko-narozne-iwo-ii-grafit-artisan-adrk\/","title":{"rendered":"Iwo II Grafit\/Artisan ADRK kampinis ra\u0161omasis stalas"},"content":{"rendered":"<p>Kampinis stalas IWO II puikiai tinka paauglio kambariui, biurui ar studijai. D\u0117l kampinio dizaino jis tilps net ir ma\u017eose erdv\u0117se. Stalas turi tris stal\u010dius ir erdvi\u0105 lentyn\u0105, tod\u0117l jame yra daug vietos biuro reikmenims laikyti. IWO II stalas yra lengvai naudojamas ir universalus baldas, kuris tiks prie daugumos interjer\u0173.<\/p>","protected":false},"excerpt":{"rendered":"<p>Plotis (cm): 135<br \/>\n\u016agis (cm): 75,2<br \/>\nGylis (cm): 115<br \/>\nAsambl\u0117ja<br \/>\nSavaranki\u0161kas surinkimas<br \/>\nProdukto svoris [kg]: 61<\/p>","protected":false},"featured_media":304637,"comment_status":"open","ping_status":"open","template":"","meta":[],"product_brand":[],"product_cat":[9201,1312],"product_tag":[],"class_list":{"0":"post-304636","1":"product","2":"type-product","3":"status-publish","4":"has-post-thumbnail","6":"product_cat-adrk-furniture","7":"product_cat-desks","9":"first","10":"instock","11":"purchasable","12":"product-type-simple"},"_links":{"self":[{"href":"https:\/\/baldumarket.lt\/lt\/wp-json\/wp\/v2\/product\/304636","targetHints":{"allow":["GET"]}}],"collection":[{"href":"https:\/\/baldumarket.lt\/lt\/wp-json\/wp\/v2\/product"}],"about":[{"href":"https:\/\/baldumarket.lt\/lt\/wp-json\/wp\/v2\/types\/product"}],"replies":[{"embeddable":true,"href":"https:\/\/baldumarket.lt\/lt\/wp-json\/wp\/v2\/comments?post=304636"}],"wp:featuredmedia":[{"embeddable":true,"href":"https:\/\/baldumarket.lt\/lt\/wp-json\/wp\/v2\/media\/304637"}],"wp:attachment":[{"href":"https:\/\/baldumarket.lt\/lt\/wp-json\/wp\/v2\/media?parent=304636"}],"wp:term":[{"taxonomy":"product_brand","embeddable":true,"href":"https:\/\/baldumarket.lt\/lt\/wp-json\/wp\/v2\/product_brand?post=304636"},{"taxonomy":"product_cat","embeddable":true,"href":"https:\/\/baldumarket.lt\/lt\/wp-json\/wp\/v2\/product_cat?post=304636"},{"taxonomy":"product_tag","embeddable":true,"href":"https:\/\/baldumarket.lt\/lt\/wp-json\/wp\/v2\/product_tag?post=304636"}],"curies":[{"name":"wp","href":"https:\/\/api.w.org\/{rel}","templated":true}]}}