{"id":304626,"date":"2026-01-15T18:36:13","date_gmt":"2026-01-15T15:36:13","guid":{"rendered":"https:\/\/baldumarket.lt\/product\/stolik-kawowy-roni-czarny-bialy-adrk\/"},"modified":"2026-02-11T18:09:27","modified_gmt":"2026-02-11T15:09:27","slug":"stolik-kawowy-roni-czarny-bialy-adrk","status":"publish","type":"product","link":"https:\/\/baldumarket.lt\/lt\/product\/stolik-kawowy-roni-czarny-bialy-adrk\/","title":{"rendered":"Roni kavos staliukas, juodas\/baltas, ADRK"},"content":{"rendered":"<p>\u201eRoni\u201c kavos staliukas \u2013 eleganti\u0161kas ir modernus baldas, puikiai tiksiantis bet kokiam \u0161iuolaiki\u0161kam interjerui. Jis pasi\u017eymi kvadratiniu stalvir\u0161iu, pagamintu i\u0161 patvarios laminuotos plok\u0161t\u0117s, kuri yra atspari \u012fbr\u0117\u017eimams ir lengvai valoma. Laminatas gali b\u016bti \u012fvairi\u0173 apdailos variant\u0173, toki\u0173 kaip med\u017eio imitacija, betonas arba vientisa spalva, tod\u0117l staliukas gali papildyti \u012fvairius interjero dizaino stilius. Stalo pagrindas \u2013 unikali plienin\u0117s vielos koja, suteikianti stalui lengvumo ir industrinio charakterio. Viela tiksliai suformuota \u012f geometrin\u012f ra\u0161t\u0105, sukuriant \u012fdomi\u0105, ta\u010diau stabili\u0105 strukt\u016br\u0105. Metalin\u0117 koja gali b\u016bti matin\u0117s juodos, baltos arba kitos spalvos, taip dar labiau sustiprinant modern\u0173 stalo dizain\u0105. \u201eRoni\u201c kavos staliukas yra ne tik funkcionalus, bet ir esteti\u0161kai patrauklus, puikiai tinkantis svetain\u0117ms, skandinavi\u0161koms, loftin\u0117ms ar minimalistin\u0117ms erdv\u0117ms. D\u0117l universalaus dizaino \u201eRoni\u201c taps bet kurio interjero traukos centru.<\/p>","protected":false},"excerpt":{"rendered":"<p>Plotis (cm): 65<br \/>\n\u016agis (cm): 37<br \/>\nGylis (cm): 65<br \/>\nAsambl\u0117ja<br \/>\nsavaranki\u0161kam surinkimui<br \/>\nProdukto svoris [kg]: 9,3<\/p>","protected":false},"featured_media":304627,"comment_status":"open","ping_status":"open","template":"","meta":[],"product_brand":[],"product_cat":[9201,866],"product_tag":[],"class_list":{"0":"post-304626","1":"product","2":"type-product","3":"status-publish","4":"has-post-thumbnail","6":"product_cat-adrk-furniture","7":"product_cat-coffee-tables","9":"first","10":"instock","11":"purchasable","12":"product-type-simple"},"_links":{"self":[{"href":"https:\/\/baldumarket.lt\/lt\/wp-json\/wp\/v2\/product\/304626","targetHints":{"allow":["GET"]}}],"collection":[{"href":"https:\/\/baldumarket.lt\/lt\/wp-json\/wp\/v2\/product"}],"about":[{"href":"https:\/\/baldumarket.lt\/lt\/wp-json\/wp\/v2\/types\/product"}],"replies":[{"embeddable":true,"href":"https:\/\/baldumarket.lt\/lt\/wp-json\/wp\/v2\/comments?post=304626"}],"wp:featuredmedia":[{"embeddable":true,"href":"https:\/\/baldumarket.lt\/lt\/wp-json\/wp\/v2\/media\/304627"}],"wp:attachment":[{"href":"https:\/\/baldumarket.lt\/lt\/wp-json\/wp\/v2\/media?parent=304626"}],"wp:term":[{"taxonomy":"product_brand","embeddable":true,"href":"https:\/\/baldumarket.lt\/lt\/wp-json\/wp\/v2\/product_brand?post=304626"},{"taxonomy":"product_cat","embeddable":true,"href":"https:\/\/baldumarket.lt\/lt\/wp-json\/wp\/v2\/product_cat?post=304626"},{"taxonomy":"product_tag","embeddable":true,"href":"https:\/\/baldumarket.lt\/lt\/wp-json\/wp\/v2\/product_tag?post=304626"}],"curies":[{"name":"wp","href":"https:\/\/api.w.org\/{rel}","templated":true}]}}