{"id":304516,"date":"2026-01-15T18:34:49","date_gmt":"2026-01-15T15:34:49","guid":{"rendered":"https:\/\/baldumarket.lt\/product\/stolik-kawowy-2w1-licco-czarny-adrk\/"},"modified":"2026-02-11T18:09:29","modified_gmt":"2026-02-11T15:09:29","slug":"stolik-kawowy-2w1-licco-czarny-adrk","status":"publish","type":"product","link":"https:\/\/baldumarket.lt\/lt\/product\/stolik-kawowy-2w1-licco-czarny-adrk\/","title":{"rendered":"Licco 2 viename kavos staliukas, juodas, ADRK"},"content":{"rendered":"<p>\u201eLicco 2-in-1\u201c kavos staliukas yra stilingas ir funkcionalus baldas, kuris neabejotinai suteiks elegancijos bet kokiam interjerui. Jo modernus, minimalistinis dizainas puikiai dera su \u012fvairiais interjero stiliais, o auk\u0161tos kokyb\u0117s med\u017eiagos u\u017etikrina patvarum\u0105 ir tvirtum\u0105. Kvadratinis stalvir\u0161is suteikia daug vietos kavai, knygoms, dekoracijoms ir kitiems daiktams, o vielin\u0117s kojel\u0117s suteikia stalui lengvumo ir modernumo. Vielin\u0117s kojel\u0117s yra patvarios ir stabilios, kartu suteikdamos subtil\u0173 industrin\u012f akcent\u0105. Stalas gali b\u016bti lengvai transformuojamas arba naudojamas \u012fvairiose konfig\u016bracijose, tod\u0117l jis labai prakti\u0161kas. J\u012f taip pat galima padalinti \u012f du atskirus stalus, suteikiant dar daugiau i\u0161d\u0117stymo galimybi\u0173.<\/p>","protected":false},"excerpt":{"rendered":"<p>Plotis (cm): 75<br \/>\n\u016agis (cm): 43<br \/>\nGylis (cm): 75<br \/>\nAsambl\u0117ja<br \/>\nsavaranki\u0161kam surinkimui<br \/>\nProdukto svoris [kg]: 21,5<\/p>","protected":false},"featured_media":304519,"comment_status":"open","ping_status":"closed","template":"","meta":[],"product_brand":[],"product_cat":[9201,866],"product_tag":[],"class_list":{"0":"post-304516","1":"product","2":"type-product","3":"status-publish","4":"has-post-thumbnail","6":"product_cat-adrk-furniture","7":"product_cat-coffee-tables","9":"first","10":"instock","11":"purchasable","12":"product-type-simple"},"_links":{"self":[{"href":"https:\/\/baldumarket.lt\/lt\/wp-json\/wp\/v2\/product\/304516","targetHints":{"allow":["GET"]}}],"collection":[{"href":"https:\/\/baldumarket.lt\/lt\/wp-json\/wp\/v2\/product"}],"about":[{"href":"https:\/\/baldumarket.lt\/lt\/wp-json\/wp\/v2\/types\/product"}],"replies":[{"embeddable":true,"href":"https:\/\/baldumarket.lt\/lt\/wp-json\/wp\/v2\/comments?post=304516"}],"wp:featuredmedia":[{"embeddable":true,"href":"https:\/\/baldumarket.lt\/lt\/wp-json\/wp\/v2\/media\/304519"}],"wp:attachment":[{"href":"https:\/\/baldumarket.lt\/lt\/wp-json\/wp\/v2\/media?parent=304516"}],"wp:term":[{"taxonomy":"product_brand","embeddable":true,"href":"https:\/\/baldumarket.lt\/lt\/wp-json\/wp\/v2\/product_brand?post=304516"},{"taxonomy":"product_cat","embeddable":true,"href":"https:\/\/baldumarket.lt\/lt\/wp-json\/wp\/v2\/product_cat?post=304516"},{"taxonomy":"product_tag","embeddable":true,"href":"https:\/\/baldumarket.lt\/lt\/wp-json\/wp\/v2\/product_tag?post=304516"}],"curies":[{"name":"wp","href":"https:\/\/api.w.org\/{rel}","templated":true}]}}