{"id":304351,"date":"2026-01-15T18:32:43","date_gmt":"2026-01-15T15:32:43","guid":{"rendered":"https:\/\/baldumarket.lt\/product\/stolik-kawowy-nelia-zloty-beton-adrk\/"},"modified":"2026-02-11T18:09:33","modified_gmt":"2026-02-11T15:09:33","slug":"stolik-kawowy-nelia-zloty-beton-adrk","status":"publish","type":"product","link":"https:\/\/baldumarket.lt\/lt\/product\/stolik-kawowy-nelia-zloty-beton-adrk\/","title":{"rendered":"Nelia kavos staliukas, auksinis\/betoninis, ADRK"},"content":{"rendered":"<p>\u201eNelia\u201c kavos staliukas \u2013 tai unikalus interjero elementas, kuriame dera modernus dizainas ir funkcionalumas. Jo kvadratinis stalvir\u0161is, pagamintas i\u0161 auk\u0161tos kokyb\u0117s med\u017eiag\u0173, yra esteti\u0161kai patrauklus ir patvarus. Galima rinktis i\u0161 \u012fvairi\u0173 apdailos variant\u0173, tod\u0117l jis puikiai dera prie bet kokio interjero stiliaus \u2013 nuo minimalistinio iki industrinio. \u201eNelia\u201c staliuko pagrindas pagamintas i\u0161 vielos, tod\u0117l atrodo lengvas ir subtilus. Nepaisant subtilios konstrukcijos, pagrindas yra itin stabilus ir tvirtas. Geometrin\u0117 pagrindo forma suteikia stalui modernumo, tod\u0117l jis tampa bet kurios svetain\u0117s traukos centru. \u201eNelia\u201c \u2013 puikus pasirinkimas tiems, kurie vertina eleganti\u0161kus ir funkcionalius sprendimus savo namuose. \u0160is staliukas puikiai tinka tiek ma\u017eoms, tiek didel\u0117ms erdv\u0117ms, suteikdamas jam stiliaus ir rafinuotumo.<\/p>","protected":false},"excerpt":{"rendered":"<p>Plotis (cm): 75<br \/>\n\u016agis (cm): 43<br \/>\nGylis (cm): 75<br \/>\nAsambl\u0117ja<br \/>\nsavaranki\u0161kam surinkimui<br \/>\nProdukto svoris [kg]: 11,3<\/p>","protected":false},"featured_media":304352,"comment_status":"open","ping_status":"open","template":"","meta":[],"product_brand":[],"product_cat":[9201,866],"product_tag":[],"class_list":{"0":"post-304351","1":"product","2":"type-product","3":"status-publish","4":"has-post-thumbnail","6":"product_cat-adrk-furniture","7":"product_cat-coffee-tables","9":"first","10":"instock","11":"purchasable","12":"product-type-simple"},"_links":{"self":[{"href":"https:\/\/baldumarket.lt\/lt\/wp-json\/wp\/v2\/product\/304351","targetHints":{"allow":["GET"]}}],"collection":[{"href":"https:\/\/baldumarket.lt\/lt\/wp-json\/wp\/v2\/product"}],"about":[{"href":"https:\/\/baldumarket.lt\/lt\/wp-json\/wp\/v2\/types\/product"}],"replies":[{"embeddable":true,"href":"https:\/\/baldumarket.lt\/lt\/wp-json\/wp\/v2\/comments?post=304351"}],"wp:featuredmedia":[{"embeddable":true,"href":"https:\/\/baldumarket.lt\/lt\/wp-json\/wp\/v2\/media\/304352"}],"wp:attachment":[{"href":"https:\/\/baldumarket.lt\/lt\/wp-json\/wp\/v2\/media?parent=304351"}],"wp:term":[{"taxonomy":"product_brand","embeddable":true,"href":"https:\/\/baldumarket.lt\/lt\/wp-json\/wp\/v2\/product_brand?post=304351"},{"taxonomy":"product_cat","embeddable":true,"href":"https:\/\/baldumarket.lt\/lt\/wp-json\/wp\/v2\/product_cat?post=304351"},{"taxonomy":"product_tag","embeddable":true,"href":"https:\/\/baldumarket.lt\/lt\/wp-json\/wp\/v2\/product_tag?post=304351"}],"curies":[{"name":"wp","href":"https:\/\/api.w.org\/{rel}","templated":true}]}}