{"id":304181,"date":"2026-01-15T18:30:29","date_gmt":"2026-01-15T15:30:29","guid":{"rendered":"https:\/\/baldumarket.lt\/product\/stolik-kawowy-adina-czarny-bialy-polysk-adrk\/"},"modified":"2026-02-11T18:09:37","modified_gmt":"2026-02-11T15:09:37","slug":"stolik-kawowy-adina-czarny-bialy-polysk-adrk","status":"publish","type":"product","link":"https:\/\/baldumarket.lt\/lt\/product\/stolik-kawowy-adina-czarny-bialy-polysk-adrk\/","title":{"rendered":"Adina kavos staliukas, juodas\/baltas, blizgus, ADRK"},"content":{"rendered":"<p>\u201eAdina\u201c kavos staliukas \u2013 stilingas ir modernus baldas, kuris puikiai dera prie \u012fvairaus interjero dizaino. \u0160is kvadratinis staliukas yra \u012fvairi\u0173 spalv\u0173, tod\u0117l galite j\u012f priderinti prie savo individuali\u0173 pageidavim\u0173 ir kambario dekoro. \u201eAdina\u201c kavos staliukas sujungia elegancij\u0105, modernum\u0105 ir funkcionalum\u0105. D\u0117l spalv\u0173 ir apdailos \u012fvairov\u0117s kiekvienas gali rasti model\u012f, kuris puikiai papildys jo interjer\u0105.<\/p>","protected":false},"excerpt":{"rendered":"<p>Plotis (cm): 40<br \/>\n\u016agis (cm): 43<br \/>\nGylis (cm): 40<br \/>\nAsambl\u0117ja<br \/>\nsavaranki\u0161kam surinkimui<br \/>\nProdukto svoris [kg]: 5,4<\/p>","protected":false},"featured_media":304182,"comment_status":"open","ping_status":"open","template":"","meta":[],"product_brand":[],"product_cat":[9201,866],"product_tag":[],"class_list":{"0":"post-304181","1":"product","2":"type-product","3":"status-publish","4":"has-post-thumbnail","6":"product_cat-adrk-furniture","7":"product_cat-coffee-tables","9":"first","10":"instock","11":"purchasable","12":"product-type-simple"},"_links":{"self":[{"href":"https:\/\/baldumarket.lt\/lt\/wp-json\/wp\/v2\/product\/304181","targetHints":{"allow":["GET"]}}],"collection":[{"href":"https:\/\/baldumarket.lt\/lt\/wp-json\/wp\/v2\/product"}],"about":[{"href":"https:\/\/baldumarket.lt\/lt\/wp-json\/wp\/v2\/types\/product"}],"replies":[{"embeddable":true,"href":"https:\/\/baldumarket.lt\/lt\/wp-json\/wp\/v2\/comments?post=304181"}],"wp:featuredmedia":[{"embeddable":true,"href":"https:\/\/baldumarket.lt\/lt\/wp-json\/wp\/v2\/media\/304182"}],"wp:attachment":[{"href":"https:\/\/baldumarket.lt\/lt\/wp-json\/wp\/v2\/media?parent=304181"}],"wp:term":[{"taxonomy":"product_brand","embeddable":true,"href":"https:\/\/baldumarket.lt\/lt\/wp-json\/wp\/v2\/product_brand?post=304181"},{"taxonomy":"product_cat","embeddable":true,"href":"https:\/\/baldumarket.lt\/lt\/wp-json\/wp\/v2\/product_cat?post=304181"},{"taxonomy":"product_tag","embeddable":true,"href":"https:\/\/baldumarket.lt\/lt\/wp-json\/wp\/v2\/product_tag?post=304181"}],"curies":[{"name":"wp","href":"https:\/\/api.w.org\/{rel}","templated":true}]}}