{"id":304106,"date":"2026-01-15T18:29:26","date_gmt":"2026-01-15T15:29:26","guid":{"rendered":"https:\/\/baldumarket.lt\/product\/konsola-milan-czarny-beton-adrk\/"},"modified":"2026-02-11T18:09:38","modified_gmt":"2026-02-11T15:09:38","slug":"konsola-milan-czarny-beton-adrk","status":"publish","type":"product","link":"https:\/\/baldumarket.lt\/lt\/product\/konsola-milan-czarny-beton-adrk\/","title":{"rendered":"Milano konsol\u0117, juoda\/betonin\u0117, ADRK"},"content":{"rendered":"<p>\u201eMilan\u201c konsolinis staliukas derina modern\u0173 dizain\u0105 ir funkcionalum\u0105. Eleganti\u0161ka i\u0161vaizda ir prakti\u0161kumas daro j\u012f puikiu pasirinkimu visiems, norintiems savo interjerui suteikti unikalumo. Investuokite \u012f bald\u0105, kuris derina estetik\u0105 ir prakti\u0161kum\u0105, sukurdamas erdv\u0119, kurioje jausit\u0117s i\u0161skirtinai.<\/p>","protected":false},"excerpt":{"rendered":"<p>Plotis (cm): 30<br \/>\n\u016agis (cm): 80<br \/>\nGylis (cm): 80<br \/>\nAsambl\u0117ja<br \/>\nsavaranki\u0161kam surinkimui<br \/>\nProdukto svoris [kg]: 12,5<\/p>","protected":false},"featured_media":304107,"comment_status":"open","ping_status":"open","template":"","meta":[],"product_brand":[],"product_cat":[9201,1987],"product_tag":[],"class_list":{"0":"post-304106","1":"product","2":"type-product","3":"status-publish","4":"has-post-thumbnail","6":"product_cat-adrk-furniture","7":"product_cat-shelving-units","9":"first","10":"instock","11":"purchasable","12":"product-type-simple"},"_links":{"self":[{"href":"https:\/\/baldumarket.lt\/lt\/wp-json\/wp\/v2\/product\/304106","targetHints":{"allow":["GET"]}}],"collection":[{"href":"https:\/\/baldumarket.lt\/lt\/wp-json\/wp\/v2\/product"}],"about":[{"href":"https:\/\/baldumarket.lt\/lt\/wp-json\/wp\/v2\/types\/product"}],"replies":[{"embeddable":true,"href":"https:\/\/baldumarket.lt\/lt\/wp-json\/wp\/v2\/comments?post=304106"}],"wp:featuredmedia":[{"embeddable":true,"href":"https:\/\/baldumarket.lt\/lt\/wp-json\/wp\/v2\/media\/304107"}],"wp:attachment":[{"href":"https:\/\/baldumarket.lt\/lt\/wp-json\/wp\/v2\/media?parent=304106"}],"wp:term":[{"taxonomy":"product_brand","embeddable":true,"href":"https:\/\/baldumarket.lt\/lt\/wp-json\/wp\/v2\/product_brand?post=304106"},{"taxonomy":"product_cat","embeddable":true,"href":"https:\/\/baldumarket.lt\/lt\/wp-json\/wp\/v2\/product_cat?post=304106"},{"taxonomy":"product_tag","embeddable":true,"href":"https:\/\/baldumarket.lt\/lt\/wp-json\/wp\/v2\/product_tag?post=304106"}],"curies":[{"name":"wp","href":"https:\/\/api.w.org\/{rel}","templated":true}]}}