{"id":303921,"date":"2026-01-15T18:27:08","date_gmt":"2026-01-15T15:27:08","guid":{"rendered":"https:\/\/baldumarket.lt\/product\/konsola-sili-zloty-czarny-adrk\/"},"modified":"2026-02-11T18:09:42","modified_gmt":"2026-02-11T15:09:42","slug":"konsola-sili-zloty-czarny-adrk","status":"publish","type":"product","link":"https:\/\/baldumarket.lt\/lt\/product\/konsola-sili-zloty-czarny-adrk\/","title":{"rendered":"Sili konsol\u0117 auksin\u0117\/juoda ADRK"},"content":{"rendered":"<p>\u201eSili\u201c konsolinis staliukas su vieline koja puikiai papildys bet kok\u012f interjer\u0105. D\u0117l universalaus dizaino jis tinka tiek moderniam, tiek klasikiniam interjerui. Jis gali b\u016bti prakti\u0161ka erdv\u0117 prie\u0161kambaryje, eleganti\u0161kas svetain\u0117s akcentas arba stilinga darbo vieta biure.<\/p>","protected":false},"excerpt":{"rendered":"<p>Plotis (cm): 20<br \/>\n\u016agis (cm): 80<br \/>\nGylis (cm): 60<br \/>\nAsambl\u0117ja<br \/>\nSavaranki\u0161kas surinkimas<br \/>\nProdukto svoris [kg]: 6,4<\/p>","protected":false},"featured_media":303922,"comment_status":"open","ping_status":"open","template":"","meta":[],"product_brand":[],"product_cat":[9201,1987],"product_tag":[],"class_list":{"0":"post-303921","1":"product","2":"type-product","3":"status-publish","4":"has-post-thumbnail","6":"product_cat-adrk-furniture","7":"product_cat-shelving-units","9":"first","10":"instock","11":"purchasable","12":"product-type-simple"},"_links":{"self":[{"href":"https:\/\/baldumarket.lt\/lt\/wp-json\/wp\/v2\/product\/303921","targetHints":{"allow":["GET"]}}],"collection":[{"href":"https:\/\/baldumarket.lt\/lt\/wp-json\/wp\/v2\/product"}],"about":[{"href":"https:\/\/baldumarket.lt\/lt\/wp-json\/wp\/v2\/types\/product"}],"replies":[{"embeddable":true,"href":"https:\/\/baldumarket.lt\/lt\/wp-json\/wp\/v2\/comments?post=303921"}],"wp:featuredmedia":[{"embeddable":true,"href":"https:\/\/baldumarket.lt\/lt\/wp-json\/wp\/v2\/media\/303922"}],"wp:attachment":[{"href":"https:\/\/baldumarket.lt\/lt\/wp-json\/wp\/v2\/media?parent=303921"}],"wp:term":[{"taxonomy":"product_brand","embeddable":true,"href":"https:\/\/baldumarket.lt\/lt\/wp-json\/wp\/v2\/product_brand?post=303921"},{"taxonomy":"product_cat","embeddable":true,"href":"https:\/\/baldumarket.lt\/lt\/wp-json\/wp\/v2\/product_cat?post=303921"},{"taxonomy":"product_tag","embeddable":true,"href":"https:\/\/baldumarket.lt\/lt\/wp-json\/wp\/v2\/product_tag?post=303921"}],"curies":[{"name":"wp","href":"https:\/\/api.w.org\/{rel}","templated":true}]}}