{"id":303871,"date":"2026-01-15T18:26:30","date_gmt":"2026-01-15T15:26:30","guid":{"rendered":"https:\/\/baldumarket.lt\/product\/konsola-velo-czarny-sonoma-adrk\/"},"modified":"2026-02-11T18:09:43","modified_gmt":"2026-02-11T15:09:43","slug":"konsola-velo-czarny-sonoma-adrk","status":"publish","type":"product","link":"https:\/\/baldumarket.lt\/lt\/product\/konsola-velo-czarny-sonoma-adrk\/","title":{"rendered":"Velo konsol\u0117, juoda\/Sonoma ADRK"},"content":{"rendered":"<p>\u201eVelo\u201c vielin\u0117 konsol\u0117 yra eleganti\u0161kas ir modernus interjero dizaino elementas, pasi\u017eymintis minimalistiniu dizainu ir dideliu funkcionalumu. \u201eVelo\u201c vielin\u0117 konsol\u0117 yra funkcionalus ir stilingas baldas, kuris neabejotinai suteiks \u017eavesio bet kokiam interjerui ir kartu pasi\u016blys prakti\u0161kus daikt\u0173 laikymo bei eksponavimo sprendimus.<\/p>","protected":false},"excerpt":{"rendered":"<p>Plotis (cm): 60<br \/>\n\u016agis (cm): 80<br \/>\nGylis (cm): 80<br \/>\nAsambl\u0117ja<br \/>\nsavaranki\u0161kam surinkimui<br \/>\nProdukto svoris [kg]: 8,4<\/p>","protected":false},"featured_media":303872,"comment_status":"open","ping_status":"open","template":"","meta":[],"product_brand":[],"product_cat":[9201,1987],"product_tag":[],"class_list":{"0":"post-303871","1":"product","2":"type-product","3":"status-publish","4":"has-post-thumbnail","6":"product_cat-adrk-furniture","7":"product_cat-shelving-units","9":"first","10":"instock","11":"purchasable","12":"product-type-simple"},"_links":{"self":[{"href":"https:\/\/baldumarket.lt\/lt\/wp-json\/wp\/v2\/product\/303871","targetHints":{"allow":["GET"]}}],"collection":[{"href":"https:\/\/baldumarket.lt\/lt\/wp-json\/wp\/v2\/product"}],"about":[{"href":"https:\/\/baldumarket.lt\/lt\/wp-json\/wp\/v2\/types\/product"}],"replies":[{"embeddable":true,"href":"https:\/\/baldumarket.lt\/lt\/wp-json\/wp\/v2\/comments?post=303871"}],"wp:featuredmedia":[{"embeddable":true,"href":"https:\/\/baldumarket.lt\/lt\/wp-json\/wp\/v2\/media\/303872"}],"wp:attachment":[{"href":"https:\/\/baldumarket.lt\/lt\/wp-json\/wp\/v2\/media?parent=303871"}],"wp:term":[{"taxonomy":"product_brand","embeddable":true,"href":"https:\/\/baldumarket.lt\/lt\/wp-json\/wp\/v2\/product_brand?post=303871"},{"taxonomy":"product_cat","embeddable":true,"href":"https:\/\/baldumarket.lt\/lt\/wp-json\/wp\/v2\/product_cat?post=303871"},{"taxonomy":"product_tag","embeddable":true,"href":"https:\/\/baldumarket.lt\/lt\/wp-json\/wp\/v2\/product_tag?post=303871"}],"curies":[{"name":"wp","href":"https:\/\/api.w.org\/{rel}","templated":true}]}}