{"id":303786,"date":"2026-01-15T18:25:24","date_gmt":"2026-01-15T15:25:24","guid":{"rendered":"https:\/\/baldumarket.lt\/product\/witryna-evi-artisan-adrk\/"},"modified":"2026-02-11T18:09:44","modified_gmt":"2026-02-11T15:09:44","slug":"witryna-evi-artisan-adrk","status":"publish","type":"product","link":"https:\/\/baldumarket.lt\/lt\/product\/witryna-evi-artisan-adrk\/","title":{"rendered":"\u201eEvi Artisan ADRK\u201c svetain\u0117"},"content":{"rendered":"<p>\u201eEvi\u201c vitrina \u2013 tai unikalus interjero dizaino elementas, spinduliuojantis moderniu \u017eavesiu ir paprasta forma. Meni\u0161ka spalva subtiliai pabr\u0117\u017eia rafinuot\u0105 charakter\u012f, perteikdama precizi\u0161k\u0105 meistri\u0161kum\u0105 ir unikali\u0105, rank\u0173 darbo i\u0161vaizd\u0105. Pagaminta i\u0161 patvaraus stiklo, spintel\u0117 ne tik puikiai pateikia daiktus, bet ir suteikia interjerui subtilaus elegancijos.<\/p>","protected":false},"excerpt":{"rendered":"<p>Plotis (cm): 80<br \/>\n\u016agis (cm): 120,5<br \/>\nGylis (cm): 40<br \/>\nAsambl\u0117ja<br \/>\nSavaranki\u0161kas surinkimas<br \/>\nProdukto svoris [kg]: 50<\/p>","protected":false},"featured_media":303787,"comment_status":"open","ping_status":"open","template":"","meta":[],"product_brand":[],"product_cat":[9201,2006],"product_tag":[],"class_list":{"0":"post-303786","1":"product","2":"type-product","3":"status-publish","4":"has-post-thumbnail","6":"product_cat-adrk-furniture","7":"product_cat-vitrines","9":"first","10":"instock","11":"purchasable","12":"product-type-simple"},"_links":{"self":[{"href":"https:\/\/baldumarket.lt\/lt\/wp-json\/wp\/v2\/product\/303786","targetHints":{"allow":["GET"]}}],"collection":[{"href":"https:\/\/baldumarket.lt\/lt\/wp-json\/wp\/v2\/product"}],"about":[{"href":"https:\/\/baldumarket.lt\/lt\/wp-json\/wp\/v2\/types\/product"}],"replies":[{"embeddable":true,"href":"https:\/\/baldumarket.lt\/lt\/wp-json\/wp\/v2\/comments?post=303786"}],"wp:featuredmedia":[{"embeddable":true,"href":"https:\/\/baldumarket.lt\/lt\/wp-json\/wp\/v2\/media\/303787"}],"wp:attachment":[{"href":"https:\/\/baldumarket.lt\/lt\/wp-json\/wp\/v2\/media?parent=303786"}],"wp:term":[{"taxonomy":"product_brand","embeddable":true,"href":"https:\/\/baldumarket.lt\/lt\/wp-json\/wp\/v2\/product_brand?post=303786"},{"taxonomy":"product_cat","embeddable":true,"href":"https:\/\/baldumarket.lt\/lt\/wp-json\/wp\/v2\/product_cat?post=303786"},{"taxonomy":"product_tag","embeddable":true,"href":"https:\/\/baldumarket.lt\/lt\/wp-json\/wp\/v2\/product_tag?post=303786"}],"curies":[{"name":"wp","href":"https:\/\/api.w.org\/{rel}","templated":true}]}}