{"id":303776,"date":"2026-01-15T18:25:17","date_gmt":"2026-01-15T15:25:17","guid":{"rendered":"https:\/\/baldumarket.lt\/product\/komoda-evi-i-artisan-adrk\/"},"modified":"2026-02-11T18:09:45","modified_gmt":"2026-02-11T15:09:45","slug":"komoda-evi-i-artisan-adrk","status":"publish","type":"product","link":"https:\/\/baldumarket.lt\/lt\/product\/komoda-evi-i-artisan-adrk\/","title":{"rendered":"Evi I Artisan ADRK komoda"},"content":{"rendered":"<p>Komoda \u201eEvi I\u201c \u2013 eleganti\u0161kas ir funkcionalus baldas, kuris d\u0117l savo paprastumo ir universalaus dizaino puikiai dera prie daugelio interjer\u0173. Paprasta forma puikiai dera prie modernaus, minimalistinio interjero, ta\u010diau puikiai atrodo ir tradicin\u0117je aplinkoje, suteikdama modernumo.<\/p>","protected":false},"excerpt":{"rendered":"<p>Plotis (cm): 120<br \/>\n\u016agis (cm): 87<br \/>\nGylis (cm): 40<br \/>\nAsambl\u0117ja<br \/>\nSavaranki\u0161kas surinkimas<br \/>\nProdukto svoris [kg]: 49<\/p>","protected":false},"featured_media":303777,"comment_status":"open","ping_status":"open","template":"","meta":[],"product_brand":[],"product_cat":[9201,1173],"product_tag":[],"class_list":{"0":"post-303776","1":"product","2":"type-product","3":"status-publish","4":"has-post-thumbnail","6":"product_cat-adrk-furniture","7":"product_cat-chests-of-drawers","9":"first","10":"instock","11":"purchasable","12":"product-type-simple"},"_links":{"self":[{"href":"https:\/\/baldumarket.lt\/lt\/wp-json\/wp\/v2\/product\/303776","targetHints":{"allow":["GET"]}}],"collection":[{"href":"https:\/\/baldumarket.lt\/lt\/wp-json\/wp\/v2\/product"}],"about":[{"href":"https:\/\/baldumarket.lt\/lt\/wp-json\/wp\/v2\/types\/product"}],"replies":[{"embeddable":true,"href":"https:\/\/baldumarket.lt\/lt\/wp-json\/wp\/v2\/comments?post=303776"}],"wp:featuredmedia":[{"embeddable":true,"href":"https:\/\/baldumarket.lt\/lt\/wp-json\/wp\/v2\/media\/303777"}],"wp:attachment":[{"href":"https:\/\/baldumarket.lt\/lt\/wp-json\/wp\/v2\/media?parent=303776"}],"wp:term":[{"taxonomy":"product_brand","embeddable":true,"href":"https:\/\/baldumarket.lt\/lt\/wp-json\/wp\/v2\/product_brand?post=303776"},{"taxonomy":"product_cat","embeddable":true,"href":"https:\/\/baldumarket.lt\/lt\/wp-json\/wp\/v2\/product_cat?post=303776"},{"taxonomy":"product_tag","embeddable":true,"href":"https:\/\/baldumarket.lt\/lt\/wp-json\/wp\/v2\/product_tag?post=303776"}],"curies":[{"name":"wp","href":"https:\/\/api.w.org\/{rel}","templated":true}]}}