{"id":303766,"date":"2026-01-15T18:25:09","date_gmt":"2026-01-15T15:25:09","guid":{"rendered":"https:\/\/baldumarket.lt\/product\/witryna-evi-i-z-oswietleniem-led-artisan-adrk\/"},"modified":"2026-02-11T18:09:45","modified_gmt":"2026-02-11T15:09:45","slug":"witryna-evi-i-z-oswietleniem-led-artisan-adrk","status":"publish","type":"product","link":"https:\/\/baldumarket.lt\/lt\/product\/witryna-evi-i-z-oswietleniem-led-artisan-adrk\/","title":{"rendered":"\u201eEvi I\u201c vitrina su \u201eArtisan ADRK\u201c LED ap\u0161vietimu"},"content":{"rendered":"<p>\u201eEvi I\u201c vitrina \u2013 tai harmoningas elegancijos ir funkcionalumo derinys, skirtas tiems, kurie vertina ir estetik\u0105, ir prakti\u0161k\u0105 erdv\u0117s i\u0161naudojim\u0105. Meni\u0161ka spalva suteikia bet kokiam interjerui subtilaus, ta\u010diau rafinuoto akcento, pabr\u0117\u017eiant jo charakter\u012f. Paprasta vitrinos forma tinka \u012fvairiems interjerams \u2013 tiek moderniems, tiek klasikiniams. Tiksliai pagamintas stiklas suteikia lengvumo ir atveria erdv\u0119, leisdamas jos turin\u012f eksponuoti eleganti\u0161kai ir grak\u0161\u010diai. \u012emontuotas LED ap\u0161vietimas.<\/p>","protected":false},"excerpt":{"rendered":"<p>Plotis (cm): 160<br \/>\n\u016agis (cm): 87<br \/>\nGylis (cm): 40<br \/>\nAsambl\u0117ja<br \/>\nSavaranki\u0161kas surinkimas<br \/>\nProdukto svoris [kg]: 40<\/p>","protected":false},"featured_media":303767,"comment_status":"open","ping_status":"open","template":"","meta":[],"product_brand":[],"product_cat":[9201,2006],"product_tag":[],"class_list":{"0":"post-303766","1":"product","2":"type-product","3":"status-publish","4":"has-post-thumbnail","6":"product_cat-adrk-furniture","7":"product_cat-vitrines","9":"first","10":"instock","11":"purchasable","12":"product-type-simple"},"_links":{"self":[{"href":"https:\/\/baldumarket.lt\/lt\/wp-json\/wp\/v2\/product\/303766","targetHints":{"allow":["GET"]}}],"collection":[{"href":"https:\/\/baldumarket.lt\/lt\/wp-json\/wp\/v2\/product"}],"about":[{"href":"https:\/\/baldumarket.lt\/lt\/wp-json\/wp\/v2\/types\/product"}],"replies":[{"embeddable":true,"href":"https:\/\/baldumarket.lt\/lt\/wp-json\/wp\/v2\/comments?post=303766"}],"wp:featuredmedia":[{"embeddable":true,"href":"https:\/\/baldumarket.lt\/lt\/wp-json\/wp\/v2\/media\/303767"}],"wp:attachment":[{"href":"https:\/\/baldumarket.lt\/lt\/wp-json\/wp\/v2\/media?parent=303766"}],"wp:term":[{"taxonomy":"product_brand","embeddable":true,"href":"https:\/\/baldumarket.lt\/lt\/wp-json\/wp\/v2\/product_brand?post=303766"},{"taxonomy":"product_cat","embeddable":true,"href":"https:\/\/baldumarket.lt\/lt\/wp-json\/wp\/v2\/product_cat?post=303766"},{"taxonomy":"product_tag","embeddable":true,"href":"https:\/\/baldumarket.lt\/lt\/wp-json\/wp\/v2\/product_tag?post=303766"}],"curies":[{"name":"wp","href":"https:\/\/api.w.org\/{rel}","templated":true}]}}