{"id":303761,"date":"2026-01-15T18:25:06","date_gmt":"2026-01-15T15:25:06","guid":{"rendered":"https:\/\/baldumarket.lt\/product\/komoda-evi-ii-artisan-adrk\/"},"modified":"2026-02-11T18:09:45","modified_gmt":"2026-02-11T15:09:45","slug":"komoda-evi-ii-artisan-adrk","status":"publish","type":"product","link":"https:\/\/baldumarket.lt\/lt\/product\/komoda-evi-ii-artisan-adrk\/","title":{"rendered":"Evi II Artisan ADRK Komoda"},"content":{"rendered":"<p>\u2019Evi II\u201c \u2013 tai unikali komoda, kurios pagrindinis bruo\u017eas \u2013 meni\u0161ka spalva, suteikianti jai elegancijos ir charakterio. Paprasta forma puikiai tinka \u012fvairiems interjerams, suteikdama subtilaus rafinuotumo. Komodos vidus buvo sukurtas atsi\u017evelgiant \u012f praktin\u012f erdv\u0117s i\u0161naudojim\u0105. Lentynos leid\u017eia tvarkingai i\u0161d\u0117styti smulkius daiktus ar papuo\u0161alus, o stal\u010diai puikiai tinka laikyti daiktus, kuri\u0173 nenorite demonstruoti, bet vis tiek norite lengvai pasiekti.<\/p>","protected":false},"excerpt":{"rendered":"<p>Plotis (cm): 160<br \/>\n\u016agis (cm): 87<br \/>\nGylis (cm): 40<br \/>\nAsambl\u0117ja<br \/>\nSavaranki\u0161kas surinkimas<br \/>\nProdukto svoris [kg]: 40<\/p>","protected":false},"featured_media":303762,"comment_status":"open","ping_status":"open","template":"","meta":[],"product_brand":[],"product_cat":[9201,1173],"product_tag":[],"class_list":{"0":"post-303761","1":"product","2":"type-product","3":"status-publish","4":"has-post-thumbnail","6":"product_cat-adrk-furniture","7":"product_cat-chests-of-drawers","9":"first","10":"instock","11":"purchasable","12":"product-type-simple"},"_links":{"self":[{"href":"https:\/\/baldumarket.lt\/lt\/wp-json\/wp\/v2\/product\/303761","targetHints":{"allow":["GET"]}}],"collection":[{"href":"https:\/\/baldumarket.lt\/lt\/wp-json\/wp\/v2\/product"}],"about":[{"href":"https:\/\/baldumarket.lt\/lt\/wp-json\/wp\/v2\/types\/product"}],"replies":[{"embeddable":true,"href":"https:\/\/baldumarket.lt\/lt\/wp-json\/wp\/v2\/comments?post=303761"}],"wp:featuredmedia":[{"embeddable":true,"href":"https:\/\/baldumarket.lt\/lt\/wp-json\/wp\/v2\/media\/303762"}],"wp:attachment":[{"href":"https:\/\/baldumarket.lt\/lt\/wp-json\/wp\/v2\/media?parent=303761"}],"wp:term":[{"taxonomy":"product_brand","embeddable":true,"href":"https:\/\/baldumarket.lt\/lt\/wp-json\/wp\/v2\/product_brand?post=303761"},{"taxonomy":"product_cat","embeddable":true,"href":"https:\/\/baldumarket.lt\/lt\/wp-json\/wp\/v2\/product_cat?post=303761"},{"taxonomy":"product_tag","embeddable":true,"href":"https:\/\/baldumarket.lt\/lt\/wp-json\/wp\/v2\/product_tag?post=303761"}],"curies":[{"name":"wp","href":"https:\/\/api.w.org\/{rel}","templated":true}]}}