{"id":303746,"date":"2026-01-15T18:24:52","date_gmt":"2026-01-15T15:24:52","guid":{"rendered":"https:\/\/baldumarket.lt\/product\/witryna-evi-ii-z-oswietleniem-led-artisan-adrk\/"},"modified":"2026-02-11T18:09:45","modified_gmt":"2026-02-11T15:09:45","slug":"witryna-evi-ii-z-oswietleniem-led-artisan-adrk","status":"publish","type":"product","link":"https:\/\/baldumarket.lt\/lt\/product\/witryna-evi-ii-z-oswietleniem-led-artisan-adrk\/","title":{"rendered":"\u201eEvi II\u201c vitrina su \u201eArtisan ADRK\u201c LED ap\u0161vietimu"},"content":{"rendered":"<p>\u201eEvi II\u201c \u2013 eleganti\u0161ka, auk\u0161to dizaino vitrina, pasi\u017eyminti stikliniu i\u0161oriniu pavir\u0161iumi, suteikian\u010diu jai lengvumo ir modernumo. Meni\u0161ka spalva suteikia subtili\u0105, ta\u010diau rafinuot\u0105 estetik\u0105, puikiai papildan\u010di\u0105 \u012fvairius interjerus. \u0160i vitrina yra ne tik prakti\u0161kas sprendimas daiktams laikyti ir eksponuoti, bet ir dekoratyvinis elementas, suteikiantis kambariui stiliaus ir klas\u0117s. D\u0117l auk\u0161tos kokyb\u0117s gamybos ir dizainerio i\u0161vaizdos \u201eEvi II\u201c puikiai tinka tiek namams, tiek biurui, tiek ma\u017emenin\u0117s prekybos erdv\u0117ms. \u012e komplekt\u0105 \u012feina LED ap\u0161vietimas.<\/p>","protected":false},"excerpt":{"rendered":"<p>Plotis (cm): 50<br \/>\n\u016agis (cm): 190<br \/>\nGylis (cm): 40<br \/>\nAsambl\u0117ja<br \/>\nSavaranki\u0161kas surinkimas<br \/>\nProdukto svoris [kg]: 43<\/p>","protected":false},"featured_media":303747,"comment_status":"open","ping_status":"open","template":"","meta":[],"product_brand":[],"product_cat":[9201,2006],"product_tag":[],"class_list":{"0":"post-303746","1":"product","2":"type-product","3":"status-publish","4":"has-post-thumbnail","6":"product_cat-adrk-furniture","7":"product_cat-vitrines","9":"first","10":"instock","11":"purchasable","12":"product-type-simple"},"_links":{"self":[{"href":"https:\/\/baldumarket.lt\/lt\/wp-json\/wp\/v2\/product\/303746","targetHints":{"allow":["GET"]}}],"collection":[{"href":"https:\/\/baldumarket.lt\/lt\/wp-json\/wp\/v2\/product"}],"about":[{"href":"https:\/\/baldumarket.lt\/lt\/wp-json\/wp\/v2\/types\/product"}],"replies":[{"embeddable":true,"href":"https:\/\/baldumarket.lt\/lt\/wp-json\/wp\/v2\/comments?post=303746"}],"wp:featuredmedia":[{"embeddable":true,"href":"https:\/\/baldumarket.lt\/lt\/wp-json\/wp\/v2\/media\/303747"}],"wp:attachment":[{"href":"https:\/\/baldumarket.lt\/lt\/wp-json\/wp\/v2\/media?parent=303746"}],"wp:term":[{"taxonomy":"product_brand","embeddable":true,"href":"https:\/\/baldumarket.lt\/lt\/wp-json\/wp\/v2\/product_brand?post=303746"},{"taxonomy":"product_cat","embeddable":true,"href":"https:\/\/baldumarket.lt\/lt\/wp-json\/wp\/v2\/product_cat?post=303746"},{"taxonomy":"product_tag","embeddable":true,"href":"https:\/\/baldumarket.lt\/lt\/wp-json\/wp\/v2\/product_tag?post=303746"}],"curies":[{"name":"wp","href":"https:\/\/api.w.org\/{rel}","templated":true}]}}