{"id":303731,"date":"2026-01-15T18:24:40","date_gmt":"2026-01-15T15:24:40","guid":{"rendered":"https:\/\/baldumarket.lt\/product\/szafa-przesuwna-atson-200-dab-czarny-adrk\/"},"modified":"2026-02-11T18:09:45","modified_gmt":"2026-02-11T15:09:45","slug":"szafa-przesuwna-atson-200-dab-czarny-adrk","status":"publish","type":"product","link":"https:\/\/baldumarket.lt\/lt\/product\/szafa-przesuwna-atson-200-dab-czarny-adrk\/","title":{"rendered":"\u201eAtson 200\u201c stumdoma spinta su \u0105\u017euolo\/juodos spalvos apdaila, ADRK"},"content":{"rendered":"<p>Atraskite m\u016bs\u0173 erdvi\u0105 \u201eAtson 200\u201c stumdom\u0105 spint\u0105 su klasikine \u0105\u017euolo apdaila, kurioje puikiai dera elegancija ir funkcionalumas. \u0160i stilinga spinta ne tik pagerins j\u016bs\u0173 interjero estetik\u0105, bet ir suteiks daug vietos daiktams susid\u0117ti.<\/p>","protected":false},"excerpt":{"rendered":"<p>Plotis (cm): 200<br \/>\n\u016agis (cm): 216<br \/>\nGylis (cm): 65<br \/>\nAsambl\u0117ja<br \/>\nSavaranki\u0161kas surinkimas<br \/>\nProdukto svoris [kg]: 61,5<\/p>","protected":false},"featured_media":303732,"comment_status":"open","ping_status":"open","template":"","meta":[],"product_brand":[],"product_cat":[9201,1177],"product_tag":[],"class_list":{"0":"post-303731","1":"product","2":"type-product","3":"status-publish","4":"has-post-thumbnail","6":"product_cat-adrk-furniture","7":"product_cat-wardrobes","9":"first","10":"instock","11":"purchasable","12":"product-type-simple"},"_links":{"self":[{"href":"https:\/\/baldumarket.lt\/lt\/wp-json\/wp\/v2\/product\/303731","targetHints":{"allow":["GET"]}}],"collection":[{"href":"https:\/\/baldumarket.lt\/lt\/wp-json\/wp\/v2\/product"}],"about":[{"href":"https:\/\/baldumarket.lt\/lt\/wp-json\/wp\/v2\/types\/product"}],"replies":[{"embeddable":true,"href":"https:\/\/baldumarket.lt\/lt\/wp-json\/wp\/v2\/comments?post=303731"}],"wp:featuredmedia":[{"embeddable":true,"href":"https:\/\/baldumarket.lt\/lt\/wp-json\/wp\/v2\/media\/303732"}],"wp:attachment":[{"href":"https:\/\/baldumarket.lt\/lt\/wp-json\/wp\/v2\/media?parent=303731"}],"wp:term":[{"taxonomy":"product_brand","embeddable":true,"href":"https:\/\/baldumarket.lt\/lt\/wp-json\/wp\/v2\/product_brand?post=303731"},{"taxonomy":"product_cat","embeddable":true,"href":"https:\/\/baldumarket.lt\/lt\/wp-json\/wp\/v2\/product_cat?post=303731"},{"taxonomy":"product_tag","embeddable":true,"href":"https:\/\/baldumarket.lt\/lt\/wp-json\/wp\/v2\/product_tag?post=303731"}],"curies":[{"name":"wp","href":"https:\/\/api.w.org\/{rel}","templated":true}]}}