{"id":303721,"date":"2026-01-15T18:24:32","date_gmt":"2026-01-15T15:24:32","guid":{"rendered":"https:\/\/baldumarket.lt\/product\/szafa-przesuwna-atson-150-dab-szarobezowy-adrk\/"},"modified":"2026-02-11T18:09:46","modified_gmt":"2026-02-11T15:09:46","slug":"szafa-przesuwna-atson-150-dab-szarobezowy-adrk","status":"publish","type":"product","link":"https:\/\/baldumarket.lt\/lt\/product\/szafa-przesuwna-atson-150-dab-szarobezowy-adrk\/","title":{"rendered":"\u201eAtson 150\u201c stumdoma spinta, \u0105\u017euolo\/pilkos sm\u0117lio spalvos, ADRK"},"content":{"rendered":"<p>\u201eAtson 150\u201c stumdoma spinta \u2013 tai erdvus ir stilingas daikt\u0173 laikymo variantas, kuriame dera funkcionalumas ir modernus dizainas. Pagaminta i\u0161 auk\u0161tos kokyb\u0117s med\u017eiag\u0173, \u0161i spinta pasi\u017eymi madinga forma ir esteti\u0161ka \u0105\u017euolo apdaila, suteikian\u010dia jai eleganti\u0161k\u0105 ir nat\u016brali\u0105 i\u0161vaizd\u0105, kuri puikiai dera prie \u012fvairi\u0173 interjero dizain\u0173.<\/p>","protected":false},"excerpt":{"rendered":"<p>Plotis (cm): 150<br \/>\n\u016agis (cm): 216<br \/>\nGylis (cm): 65<br \/>\nAsambl\u0117ja<br \/>\nsavaranki\u0161kam surinkimui<br \/>\nProdukto svoris [kg]: 45,5<\/p>","protected":false},"featured_media":303722,"comment_status":"open","ping_status":"open","template":"","meta":[],"product_brand":[],"product_cat":[9201,1177],"product_tag":[],"class_list":{"0":"post-303721","1":"product","2":"type-product","3":"status-publish","4":"has-post-thumbnail","6":"product_cat-adrk-furniture","7":"product_cat-wardrobes","9":"first","10":"instock","11":"purchasable","12":"product-type-simple"},"_links":{"self":[{"href":"https:\/\/baldumarket.lt\/lt\/wp-json\/wp\/v2\/product\/303721","targetHints":{"allow":["GET"]}}],"collection":[{"href":"https:\/\/baldumarket.lt\/lt\/wp-json\/wp\/v2\/product"}],"about":[{"href":"https:\/\/baldumarket.lt\/lt\/wp-json\/wp\/v2\/types\/product"}],"replies":[{"embeddable":true,"href":"https:\/\/baldumarket.lt\/lt\/wp-json\/wp\/v2\/comments?post=303721"}],"wp:featuredmedia":[{"embeddable":true,"href":"https:\/\/baldumarket.lt\/lt\/wp-json\/wp\/v2\/media\/303722"}],"wp:attachment":[{"href":"https:\/\/baldumarket.lt\/lt\/wp-json\/wp\/v2\/media?parent=303721"}],"wp:term":[{"taxonomy":"product_brand","embeddable":true,"href":"https:\/\/baldumarket.lt\/lt\/wp-json\/wp\/v2\/product_brand?post=303721"},{"taxonomy":"product_cat","embeddable":true,"href":"https:\/\/baldumarket.lt\/lt\/wp-json\/wp\/v2\/product_cat?post=303721"},{"taxonomy":"product_tag","embeddable":true,"href":"https:\/\/baldumarket.lt\/lt\/wp-json\/wp\/v2\/product_tag?post=303721"}],"curies":[{"name":"wp","href":"https:\/\/api.w.org\/{rel}","templated":true}]}}