{"id":303711,"date":"2026-01-15T18:24:24","date_gmt":"2026-01-15T15:24:24","guid":{"rendered":"https:\/\/baldumarket.lt\/product\/komoda-dwudrzwiowa-atson-dab-szarobezowy-adrk\/"},"modified":"2026-02-11T18:09:46","modified_gmt":"2026-02-11T15:09:46","slug":"komoda-dwudrzwiowa-atson-dab-szarobezowy-adrk","status":"publish","type":"product","link":"https:\/\/baldumarket.lt\/lt\/product\/komoda-dwudrzwiowa-atson-dab-szarobezowy-adrk\/","title":{"rendered":"\u201eAtson\u201c dviej\u0173 dur\u0173 komoda, \u0105\u017euolo\/pilkos sm\u0117lio spalvos, ADRK"},"content":{"rendered":"<p>\u0104\u017euolin\u0117 dvidur\u0117 komoda \u201eAtson\u201c \u2013 eleganti\u0161kas ir funkcionalus baldas, kuris papildys bet kok\u012f interjer\u0105, suteikdamas jam \u0161ilumos ir nat\u016bralaus med\u017eio \u017eavesio. Dvidur\u0117 komoda \u201eAtson\u201c derina modern\u0173 dizain\u0105 su prakti\u0161kais sprendimais, tod\u0117l puikiai tinka bet kokiam interjerui, kuriame svarbus ir stilius, ir funkcionalumas.<\/p>","protected":false},"excerpt":{"rendered":"<p>Plotis (cm): 145<br \/>\n\u016agis (cm): 91<br \/>\nGylis (cm): 40<br \/>\nAsambl\u0117ja<br \/>\nSavaranki\u0161kas surinkimas<br \/>\nProdukto svoris [kg]: 45,5<\/p>","protected":false},"featured_media":303712,"comment_status":"open","ping_status":"open","template":"","meta":[],"product_brand":[],"product_cat":[9201,1173],"product_tag":[],"class_list":{"0":"post-303711","1":"product","2":"type-product","3":"status-publish","4":"has-post-thumbnail","6":"product_cat-adrk-furniture","7":"product_cat-chests-of-drawers","9":"first","10":"instock","11":"purchasable","12":"product-type-simple"},"_links":{"self":[{"href":"https:\/\/baldumarket.lt\/lt\/wp-json\/wp\/v2\/product\/303711","targetHints":{"allow":["GET"]}}],"collection":[{"href":"https:\/\/baldumarket.lt\/lt\/wp-json\/wp\/v2\/product"}],"about":[{"href":"https:\/\/baldumarket.lt\/lt\/wp-json\/wp\/v2\/types\/product"}],"replies":[{"embeddable":true,"href":"https:\/\/baldumarket.lt\/lt\/wp-json\/wp\/v2\/comments?post=303711"}],"wp:featuredmedia":[{"embeddable":true,"href":"https:\/\/baldumarket.lt\/lt\/wp-json\/wp\/v2\/media\/303712"}],"wp:attachment":[{"href":"https:\/\/baldumarket.lt\/lt\/wp-json\/wp\/v2\/media?parent=303711"}],"wp:term":[{"taxonomy":"product_brand","embeddable":true,"href":"https:\/\/baldumarket.lt\/lt\/wp-json\/wp\/v2\/product_brand?post=303711"},{"taxonomy":"product_cat","embeddable":true,"href":"https:\/\/baldumarket.lt\/lt\/wp-json\/wp\/v2\/product_cat?post=303711"},{"taxonomy":"product_tag","embeddable":true,"href":"https:\/\/baldumarket.lt\/lt\/wp-json\/wp\/v2\/product_tag?post=303711"}],"curies":[{"name":"wp","href":"https:\/\/api.w.org\/{rel}","templated":true}]}}