{"id":303691,"date":"2026-01-15T18:24:07","date_gmt":"2026-01-15T15:24:07","guid":{"rendered":"https:\/\/baldumarket.lt\/product\/komoda-i-atson-dab-szarobezowy-adrk\/"},"modified":"2026-02-11T18:09:47","modified_gmt":"2026-02-11T15:09:47","slug":"komoda-i-atson-dab-szarobezowy-adrk","status":"publish","type":"product","link":"https:\/\/baldumarket.lt\/lt\/product\/komoda-i-atson-dab-szarobezowy-adrk\/","title":{"rendered":"Atson I komoda, \u0105\u017euolo\/pilkos sm\u0117lio spalvos, ADRK"},"content":{"rendered":"<p>\u0104\u017euolin\u0117 komoda \u201eI Atson\u201c puikiai tiks \u012fvairiuose interjero dizainuose \u2013 nuo klasikinio iki skandinavi\u0161ko ir modernaus. Tai puikus pasirinkimas tiems, kurie nori suderinti prakti\u0161kum\u0105 su estetika, sukurdami harmoning\u0105 ir funkcionali\u0105 erdv\u0119 savo namuose.<\/p>","protected":false},"excerpt":{"rendered":"<p>Plotis (cm): 100<br \/>\n\u016agis (cm): 91<br \/>\nGylis (cm): 40<br \/>\nAsambl\u0117ja<br \/>\nSavaranki\u0161kas surinkimas<br \/>\nProdukto svoris [kg]: 12<\/p>","protected":false},"featured_media":303692,"comment_status":"open","ping_status":"open","template":"","meta":[],"product_brand":[],"product_cat":[9201,1173],"product_tag":[],"class_list":{"0":"post-303691","1":"product","2":"type-product","3":"status-publish","4":"has-post-thumbnail","6":"product_cat-adrk-furniture","7":"product_cat-chests-of-drawers","9":"first","10":"instock","11":"purchasable","12":"product-type-simple"},"_links":{"self":[{"href":"https:\/\/baldumarket.lt\/lt\/wp-json\/wp\/v2\/product\/303691","targetHints":{"allow":["GET"]}}],"collection":[{"href":"https:\/\/baldumarket.lt\/lt\/wp-json\/wp\/v2\/product"}],"about":[{"href":"https:\/\/baldumarket.lt\/lt\/wp-json\/wp\/v2\/types\/product"}],"replies":[{"embeddable":true,"href":"https:\/\/baldumarket.lt\/lt\/wp-json\/wp\/v2\/comments?post=303691"}],"wp:featuredmedia":[{"embeddable":true,"href":"https:\/\/baldumarket.lt\/lt\/wp-json\/wp\/v2\/media\/303692"}],"wp:attachment":[{"href":"https:\/\/baldumarket.lt\/lt\/wp-json\/wp\/v2\/media?parent=303691"}],"wp:term":[{"taxonomy":"product_brand","embeddable":true,"href":"https:\/\/baldumarket.lt\/lt\/wp-json\/wp\/v2\/product_brand?post=303691"},{"taxonomy":"product_cat","embeddable":true,"href":"https:\/\/baldumarket.lt\/lt\/wp-json\/wp\/v2\/product_cat?post=303691"},{"taxonomy":"product_tag","embeddable":true,"href":"https:\/\/baldumarket.lt\/lt\/wp-json\/wp\/v2\/product_tag?post=303691"}],"curies":[{"name":"wp","href":"https:\/\/api.w.org\/{rel}","templated":true}]}}