{"id":303681,"date":"2026-01-15T18:23:57","date_gmt":"2026-01-15T15:23:57","guid":{"rendered":"https:\/\/baldumarket.lt\/product\/szafka-nocna-atson-dab-czarny-adrk\/"},"modified":"2026-02-11T18:09:47","modified_gmt":"2026-02-11T15:09:47","slug":"szafka-nocna-atson-dab-czarny-adrk","status":"publish","type":"product","link":"https:\/\/baldumarket.lt\/lt\/product\/szafka-nocna-atson-dab-czarny-adrk\/","title":{"rendered":"\u201eAtson Oak\/Black ADRK\u201c naktinis staliukas"},"content":{"rendered":"<p>\u201eAtson\u201c naktinis staliukas \u2013 funkcionalus ir stilingas baldas, puikiai tinkantis bet kuriam miegamajam. Pagamintas i\u0161 auk\u0161tos kokyb\u0117s med\u017eiag\u0173, jis u\u017etikrina patvarum\u0105 ir esteti\u0161k\u0105 i\u0161vaizd\u0105. Galima rinktis i\u0161 \u0105\u017euolo apdailos, kuri suteikia jam \u0161ilt\u0105 ir nat\u016bral\u0173 charakter\u012f, puikiai derant\u012f prie \u012fvairi\u0173 interjero dizain\u0173.<\/p>","protected":false},"excerpt":{"rendered":"<p>Plotis (cm): 50<br \/>\n\u016agis (cm): 50<br \/>\nGylis (cm): 35,5<br \/>\nAsambl\u0117ja<br \/>\nSavaranki\u0161kas surinkimas<br \/>\nProdukto svoris [kg]: 79,5<\/p>","protected":false},"featured_media":303682,"comment_status":"open","ping_status":"open","template":"","meta":[],"product_brand":[],"product_cat":[9201,1176],"product_tag":[],"class_list":{"0":"post-303681","1":"product","2":"type-product","3":"status-publish","4":"has-post-thumbnail","6":"product_cat-adrk-furniture","7":"product_cat-bedside-tables","9":"first","10":"instock","11":"purchasable","12":"product-type-simple"},"_links":{"self":[{"href":"https:\/\/baldumarket.lt\/lt\/wp-json\/wp\/v2\/product\/303681","targetHints":{"allow":["GET"]}}],"collection":[{"href":"https:\/\/baldumarket.lt\/lt\/wp-json\/wp\/v2\/product"}],"about":[{"href":"https:\/\/baldumarket.lt\/lt\/wp-json\/wp\/v2\/types\/product"}],"replies":[{"embeddable":true,"href":"https:\/\/baldumarket.lt\/lt\/wp-json\/wp\/v2\/comments?post=303681"}],"wp:featuredmedia":[{"embeddable":true,"href":"https:\/\/baldumarket.lt\/lt\/wp-json\/wp\/v2\/media\/303682"}],"wp:attachment":[{"href":"https:\/\/baldumarket.lt\/lt\/wp-json\/wp\/v2\/media?parent=303681"}],"wp:term":[{"taxonomy":"product_brand","embeddable":true,"href":"https:\/\/baldumarket.lt\/lt\/wp-json\/wp\/v2\/product_brand?post=303681"},{"taxonomy":"product_cat","embeddable":true,"href":"https:\/\/baldumarket.lt\/lt\/wp-json\/wp\/v2\/product_cat?post=303681"},{"taxonomy":"product_tag","embeddable":true,"href":"https:\/\/baldumarket.lt\/lt\/wp-json\/wp\/v2\/product_tag?post=303681"}],"curies":[{"name":"wp","href":"https:\/\/api.w.org\/{rel}","templated":true}]}}