{"id":303671,"date":"2026-01-15T18:23:46","date_gmt":"2026-01-15T15:23:46","guid":{"rendered":"https:\/\/baldumarket.lt\/product\/szafka-nocna-i-atson-dab-szarobezowy-adrk\/"},"modified":"2026-02-11T18:09:47","modified_gmt":"2026-02-11T15:09:47","slug":"szafka-nocna-i-atson-dab-szarobezowy-adrk","status":"publish","type":"product","link":"https:\/\/baldumarket.lt\/lt\/product\/szafka-nocna-i-atson-dab-szarobezowy-adrk\/","title":{"rendered":"I Atson \u0105\u017euolo\/pilko sm\u0117lio spalvos naktinis staliukas, ADRK"},"content":{"rendered":"<p>\u201eI Atson\u201c naktinis staliukas \u2013 funkcionalus ir stilingas baldas, puikiai tinkantis bet kuriam miegamajam. Pagamintas i\u0161 auk\u0161tos kokyb\u0117s med\u017eiag\u0173, jis u\u017etikrina patvarum\u0105 ir esteti\u0161k\u0105 i\u0161vaizd\u0105. \u0104\u017euolo apdailos naktinis staliukas suteikia \u0161ilt\u0105 ir nat\u016bral\u0173 charakter\u012f, kuris skland\u017eiai dera prie \u012fvairi\u0173 interjero dizain\u0173.<\/p>","protected":false},"excerpt":{"rendered":"<p>Plotis (cm): 50<br \/>\n\u016agis (cm): 50<br \/>\nGylis (cm): 35,5<br \/>\nAsambl\u0117ja<br \/>\nSavaranki\u0161kas surinkimas<br \/>\nProdukto svoris [kg]: 73,3<\/p>","protected":false},"featured_media":303672,"comment_status":"open","ping_status":"open","template":"","meta":[],"product_brand":[],"product_cat":[9201,1176],"product_tag":[],"class_list":{"0":"post-303671","1":"product","2":"type-product","3":"status-publish","4":"has-post-thumbnail","6":"product_cat-adrk-furniture","7":"product_cat-bedside-tables","9":"first","10":"instock","11":"purchasable","12":"product-type-simple"},"_links":{"self":[{"href":"https:\/\/baldumarket.lt\/lt\/wp-json\/wp\/v2\/product\/303671","targetHints":{"allow":["GET"]}}],"collection":[{"href":"https:\/\/baldumarket.lt\/lt\/wp-json\/wp\/v2\/product"}],"about":[{"href":"https:\/\/baldumarket.lt\/lt\/wp-json\/wp\/v2\/types\/product"}],"replies":[{"embeddable":true,"href":"https:\/\/baldumarket.lt\/lt\/wp-json\/wp\/v2\/comments?post=303671"}],"wp:featuredmedia":[{"embeddable":true,"href":"https:\/\/baldumarket.lt\/lt\/wp-json\/wp\/v2\/media\/303672"}],"wp:attachment":[{"href":"https:\/\/baldumarket.lt\/lt\/wp-json\/wp\/v2\/media?parent=303671"}],"wp:term":[{"taxonomy":"product_brand","embeddable":true,"href":"https:\/\/baldumarket.lt\/lt\/wp-json\/wp\/v2\/product_brand?post=303671"},{"taxonomy":"product_cat","embeddable":true,"href":"https:\/\/baldumarket.lt\/lt\/wp-json\/wp\/v2\/product_cat?post=303671"},{"taxonomy":"product_tag","embeddable":true,"href":"https:\/\/baldumarket.lt\/lt\/wp-json\/wp\/v2\/product_tag?post=303671"}],"curies":[{"name":"wp","href":"https:\/\/api.w.org\/{rel}","templated":true}]}}