{"id":303646,"date":"2026-01-15T18:23:26","date_gmt":"2026-01-15T15:23:26","guid":{"rendered":"https:\/\/baldumarket.lt\/product\/konsola-toni-czarny-beton-adrk\/"},"modified":"2026-02-11T18:09:48","modified_gmt":"2026-02-11T15:09:48","slug":"konsola-toni-czarny-beton-adrk","status":"publish","type":"product","link":"https:\/\/baldumarket.lt\/lt\/product\/konsola-toni-czarny-beton-adrk\/","title":{"rendered":"Toni konsol\u0117, juoda\/betonin\u0117, ADRK"},"content":{"rendered":"<p>\u201eToni\u201c konsolinis staliukas \u2013 eleganti\u0161kas ir modernus baldas, puikiai tiksiantis \u012fvairiuose interjeruose \u2013 nuo minimalistinio iki eklekti\u0161ko. I\u0161skirtinis \u0161io konsolinio staliuko bruo\u017eas \u2013 vielin\u0117 koja, suteikianti jam lengvumo ir modernumo. Paprasta stalvir\u0161io forma puikiai dera su rafinuota metalinio pagrindo forma, sukurdama harmoning\u0105 visum\u0105.<\/p>","protected":false},"excerpt":{"rendered":"<p>Plotis (cm): 80<br \/>\n\u016agis (cm): 80<br \/>\nGylis (cm): 30<br \/>\nAsambl\u0117ja<br \/>\nSavaranki\u0161kas surinkimas<br \/>\nProdukto svoris [kg]: 12,5<\/p>","protected":false},"featured_media":303647,"comment_status":"open","ping_status":"open","template":"","meta":[],"product_brand":[],"product_cat":[9201,1987],"product_tag":[],"class_list":{"0":"post-303646","1":"product","2":"type-product","3":"status-publish","4":"has-post-thumbnail","6":"product_cat-adrk-furniture","7":"product_cat-shelving-units","9":"first","10":"instock","11":"purchasable","12":"product-type-simple"},"_links":{"self":[{"href":"https:\/\/baldumarket.lt\/lt\/wp-json\/wp\/v2\/product\/303646","targetHints":{"allow":["GET"]}}],"collection":[{"href":"https:\/\/baldumarket.lt\/lt\/wp-json\/wp\/v2\/product"}],"about":[{"href":"https:\/\/baldumarket.lt\/lt\/wp-json\/wp\/v2\/types\/product"}],"replies":[{"embeddable":true,"href":"https:\/\/baldumarket.lt\/lt\/wp-json\/wp\/v2\/comments?post=303646"}],"wp:featuredmedia":[{"embeddable":true,"href":"https:\/\/baldumarket.lt\/lt\/wp-json\/wp\/v2\/media\/303647"}],"wp:attachment":[{"href":"https:\/\/baldumarket.lt\/lt\/wp-json\/wp\/v2\/media?parent=303646"}],"wp:term":[{"taxonomy":"product_brand","embeddable":true,"href":"https:\/\/baldumarket.lt\/lt\/wp-json\/wp\/v2\/product_brand?post=303646"},{"taxonomy":"product_cat","embeddable":true,"href":"https:\/\/baldumarket.lt\/lt\/wp-json\/wp\/v2\/product_cat?post=303646"},{"taxonomy":"product_tag","embeddable":true,"href":"https:\/\/baldumarket.lt\/lt\/wp-json\/wp\/v2\/product_tag?post=303646"}],"curies":[{"name":"wp","href":"https:\/\/api.w.org\/{rel}","templated":true}]}}