{"id":303477,"date":"2026-01-15T18:21:13","date_gmt":"2026-01-15T15:21:13","guid":{"rendered":"https:\/\/baldumarket.lt\/product\/szafa-uchylna-z-lustrami-norel-200-bialy-czarny-adrk\/"},"modified":"2026-02-11T18:10:00","modified_gmt":"2026-02-11T15:10:00","slug":"szafa-uchylna-z-lustrami-norel-200-bialy-czarny-adrk","status":"publish","type":"product","link":"https:\/\/baldumarket.lt\/lt\/product\/szafa-uchylna-z-lustrami-norel-200-bialy-czarny-adrk\/","title":{"rendered":"Norel 200 kreipiama spinta su veidrod\u017eiais, balta\/juoda, ADRK"},"content":{"rendered":"<p>\u201eNorel\u201c spinta \u2013 tai eleganti\u0161kas ir modernaus dizaino baldas. Grioveli\u0173 konstrukcija suteikia jai rafinuot\u0105 i\u0161vaizd\u0105, kartu suteikdama kambariui tekst\u016bros ir gylio. Pagrindinis akcentas \u2013 didelis veidrodis, kuris ne tik padidina erdv\u0119, bet ir atlieka praktin\u0119 funkcij\u0105, leisdamas ap\u017ei\u016br\u0117ti savo i\u0161vaizd\u0105 prie\u0161 i\u0161einant.<\/p>","protected":false},"excerpt":{"rendered":"<p>Plotis (cm): 200<br \/>\n\u016agis (cm): 200<br \/>\nGylis (cm): 51<br \/>\nAsambl\u0117ja<br \/>\nSavaranki\u0161kas surinkimas<br \/>\nProdukto svoris [kg]: 160<\/p>","protected":false},"featured_media":303478,"comment_status":"open","ping_status":"open","template":"","meta":[],"product_brand":[],"product_cat":[9201,1177],"product_tag":[],"class_list":{"0":"post-303477","1":"product","2":"type-product","3":"status-publish","4":"has-post-thumbnail","6":"product_cat-adrk-furniture","7":"product_cat-wardrobes","9":"first","10":"instock","11":"purchasable","12":"product-type-simple"},"_links":{"self":[{"href":"https:\/\/baldumarket.lt\/lt\/wp-json\/wp\/v2\/product\/303477","targetHints":{"allow":["GET"]}}],"collection":[{"href":"https:\/\/baldumarket.lt\/lt\/wp-json\/wp\/v2\/product"}],"about":[{"href":"https:\/\/baldumarket.lt\/lt\/wp-json\/wp\/v2\/types\/product"}],"replies":[{"embeddable":true,"href":"https:\/\/baldumarket.lt\/lt\/wp-json\/wp\/v2\/comments?post=303477"}],"wp:featuredmedia":[{"embeddable":true,"href":"https:\/\/baldumarket.lt\/lt\/wp-json\/wp\/v2\/media\/303478"}],"wp:attachment":[{"href":"https:\/\/baldumarket.lt\/lt\/wp-json\/wp\/v2\/media?parent=303477"}],"wp:term":[{"taxonomy":"product_brand","embeddable":true,"href":"https:\/\/baldumarket.lt\/lt\/wp-json\/wp\/v2\/product_brand?post=303477"},{"taxonomy":"product_cat","embeddable":true,"href":"https:\/\/baldumarket.lt\/lt\/wp-json\/wp\/v2\/product_cat?post=303477"},{"taxonomy":"product_tag","embeddable":true,"href":"https:\/\/baldumarket.lt\/lt\/wp-json\/wp\/v2\/product_tag?post=303477"}],"curies":[{"name":"wp","href":"https:\/\/api.w.org\/{rel}","templated":true}]}}