{"id":303382,"date":"2026-01-15T18:19:51","date_gmt":"2026-01-15T15:19:51","guid":{"rendered":"https:\/\/baldumarket.lt\/product\/szafa-przesuwna-delia-180-bialy-artisan-adrk\/"},"modified":"2026-02-11T18:10:12","modified_gmt":"2026-02-11T15:10:12","slug":"szafa-przesuwna-delia-180-bialy-artisan-adrk","status":"publish","type":"product","link":"https:\/\/baldumarket.lt\/lt\/product\/szafa-przesuwna-delia-180-bialy-artisan-adrk\/","title":{"rendered":"Delia 180 stumdoma spinta, balta\/artisani\u0161ka, ADRK"},"content":{"rendered":"<p>\u201eDelia\u201c stumdoma spinta su med\u017eio spalvos lentjuost\u0117mis \u2013 stilingas ir prakti\u0161kas sprendimas drabu\u017eiams ir kitiems daiktams laikyti namuose. Eleganti\u0161kas med\u017eio spalvos dizainas suteikia \u0161ilumos ir jaukumo bet kuriai erdvei, kartu papildydamas plat\u0173 interjero stili\u0173 spektr\u0105. Spintos durys pagamintos i\u0161 lentjuos\u010di\u0173, kurios suteikia \u0161viesumo ir modernumo.<\/p>","protected":false},"excerpt":{"rendered":"<p>Plotis (cm): 180<br \/>\n\u016agis (cm): 205<br \/>\nGylis (cm): 60<br \/>\nAsambl\u0117ja<br \/>\nSavaranki\u0161kas surinkimas<br \/>\nProdukto svoris [kg]: 111<\/p>","protected":false},"featured_media":303383,"comment_status":"open","ping_status":"open","template":"","meta":[],"product_brand":[],"product_cat":[9201,1177],"product_tag":[],"class_list":{"0":"post-303382","1":"product","2":"type-product","3":"status-publish","4":"has-post-thumbnail","6":"product_cat-adrk-furniture","7":"product_cat-wardrobes","9":"first","10":"instock","11":"purchasable","12":"product-type-simple"},"_links":{"self":[{"href":"https:\/\/baldumarket.lt\/lt\/wp-json\/wp\/v2\/product\/303382","targetHints":{"allow":["GET"]}}],"collection":[{"href":"https:\/\/baldumarket.lt\/lt\/wp-json\/wp\/v2\/product"}],"about":[{"href":"https:\/\/baldumarket.lt\/lt\/wp-json\/wp\/v2\/types\/product"}],"replies":[{"embeddable":true,"href":"https:\/\/baldumarket.lt\/lt\/wp-json\/wp\/v2\/comments?post=303382"}],"wp:featuredmedia":[{"embeddable":true,"href":"https:\/\/baldumarket.lt\/lt\/wp-json\/wp\/v2\/media\/303383"}],"wp:attachment":[{"href":"https:\/\/baldumarket.lt\/lt\/wp-json\/wp\/v2\/media?parent=303382"}],"wp:term":[{"taxonomy":"product_brand","embeddable":true,"href":"https:\/\/baldumarket.lt\/lt\/wp-json\/wp\/v2\/product_brand?post=303382"},{"taxonomy":"product_cat","embeddable":true,"href":"https:\/\/baldumarket.lt\/lt\/wp-json\/wp\/v2\/product_cat?post=303382"},{"taxonomy":"product_tag","embeddable":true,"href":"https:\/\/baldumarket.lt\/lt\/wp-json\/wp\/v2\/product_tag?post=303382"}],"curies":[{"name":"wp","href":"https:\/\/api.w.org\/{rel}","templated":true}]}}