{"id":303327,"date":"2026-01-15T18:19:08","date_gmt":"2026-01-15T15:19:08","guid":{"rendered":"https:\/\/baldumarket.lt\/product\/szafka-rtv-noemi-stojaca-czarny-adrk\/"},"modified":"2026-02-11T18:10:14","modified_gmt":"2026-02-11T15:10:14","slug":"szafka-rtv-noemi-stojaca-czarny-adrk","status":"publish","type":"product","link":"https:\/\/baldumarket.lt\/lt\/product\/szafka-rtv-noemi-stojaca-czarny-adrk\/","title":{"rendered":"NOEMI TV staliukas, juodas, ADRK"},"content":{"rendered":"<p>\u201eNoemi\u201c televizoriaus staliukas yra modernus, eleganti\u0161kas ir funkcionalus televizoriaus staliukas, puikiai tinkantis moderniam interjerui. Unikali jo savyb\u0117 \u2013 grioveli\u0173 apdaila, suteikianti baldui charakterio ir tekst\u016bros. Stovas suprojektuotas taip, kad jame b\u016bt\u0173 pakankamai skyri\u0173 ir lentyn\u0173, skirt\u0173 \u012fvairiai elektroninei \u012frangai, \u012fskaitant televizori\u0173, pried\u0117l\u012f, \u017eaidim\u0173 konsol\u0119 ir kt.<\/p>","protected":false},"excerpt":{"rendered":"<p>Plotis (cm): 200<br \/>\n\u016agis (cm): 53<br \/>\nGylis (cm): 41<br \/>\nAsambl\u0117ja<br \/>\nSavaranki\u0161kas surinkimas<br \/>\nProdukto svoris [kg]: 47<\/p>","protected":false},"featured_media":303328,"comment_status":"open","ping_status":"open","template":"","meta":[],"product_brand":[],"product_cat":[9201,1175],"product_tag":[],"class_list":{"0":"post-303327","1":"product","2":"type-product","3":"status-publish","4":"has-post-thumbnail","6":"product_cat-adrk-furniture","7":"product_cat-tv-stands","9":"first","10":"instock","11":"purchasable","12":"product-type-simple"},"_links":{"self":[{"href":"https:\/\/baldumarket.lt\/lt\/wp-json\/wp\/v2\/product\/303327","targetHints":{"allow":["GET"]}}],"collection":[{"href":"https:\/\/baldumarket.lt\/lt\/wp-json\/wp\/v2\/product"}],"about":[{"href":"https:\/\/baldumarket.lt\/lt\/wp-json\/wp\/v2\/types\/product"}],"replies":[{"embeddable":true,"href":"https:\/\/baldumarket.lt\/lt\/wp-json\/wp\/v2\/comments?post=303327"}],"wp:featuredmedia":[{"embeddable":true,"href":"https:\/\/baldumarket.lt\/lt\/wp-json\/wp\/v2\/media\/303328"}],"wp:attachment":[{"href":"https:\/\/baldumarket.lt\/lt\/wp-json\/wp\/v2\/media?parent=303327"}],"wp:term":[{"taxonomy":"product_brand","embeddable":true,"href":"https:\/\/baldumarket.lt\/lt\/wp-json\/wp\/v2\/product_brand?post=303327"},{"taxonomy":"product_cat","embeddable":true,"href":"https:\/\/baldumarket.lt\/lt\/wp-json\/wp\/v2\/product_cat?post=303327"},{"taxonomy":"product_tag","embeddable":true,"href":"https:\/\/baldumarket.lt\/lt\/wp-json\/wp\/v2\/product_tag?post=303327"}],"curies":[{"name":"wp","href":"https:\/\/api.w.org\/{rel}","templated":true}]}}