{"id":303309,"date":"2026-01-15T18:18:53","date_gmt":"2026-01-15T15:18:53","guid":{"rendered":"https:\/\/baldumarket.lt\/product\/drzwi-przesuwne-nascienne-muschu-86-szary-czarny-adrk\/"},"modified":"2026-02-11T18:10:14","modified_gmt":"2026-02-11T15:10:14","slug":"drzwi-przesuwne-nascienne-muschu-86-szary-czarny-adrk","status":"publish","type":"product","link":"https:\/\/baldumarket.lt\/lt\/product\/drzwi-przesuwne-nascienne-muschu-86-szary-czarny-adrk\/","title":{"rendered":"Sienin\u0117s stumdomos durys MUSCHU 86 pilkos\/juodos ADRK"},"content":{"rendered":"<p>MUSCHU stumdomos durys \u2013 puiki id\u0117ja optimaliam erdv\u0117s i\u0161naudojimui. Jos leid\u017eia sukurti papildomos erdv\u0117s, vizualiai padidinant kambar\u012f. Jos eleganti\u0161kai atskiria vien\u0105 kambar\u012f nuo kito. MUSCHU stumdomos durys pagamintos i\u0161 laminuotos plok\u0161t\u0117s su keturiomis dekoratyvin\u0117mis juostel\u0117mis. Jas galima montuoti kair\u0117je arba de\u0161in\u0117je pus\u0117je, tod\u0117l jos universalios. Taip pat galite \u012fsigyti savaiminio u\u017edarymo mechanizm\u0105, kad i\u0161vengtum\u0117te staigi\u0173 sm\u016bgi\u0173. Raginame susipa\u017einti su kitais dur\u0173 modeliais ir dyd\u017eiais.<\/p>","protected":false},"excerpt":{"rendered":"<p>Plotis (cm): 86<br \/>\n\u016agis (cm): 205<br \/>\nGylis (cm): 1,6<br \/>\nAsambl\u0117ja<br \/>\nSavaranki\u0161kas surinkimas<br \/>\nProdukto svoris [kg]: 30<\/p>","protected":false},"featured_media":303310,"comment_status":"open","ping_status":"open","template":"","meta":[],"product_brand":[],"product_cat":[9201,1330],"product_tag":[],"class_list":{"0":"post-303309","1":"product","2":"type-product","3":"status-publish","4":"has-post-thumbnail","6":"product_cat-adrk-furniture","7":"product_cat-doors","9":"first","10":"instock","11":"purchasable","12":"product-type-simple"},"_links":{"self":[{"href":"https:\/\/baldumarket.lt\/lt\/wp-json\/wp\/v2\/product\/303309","targetHints":{"allow":["GET"]}}],"collection":[{"href":"https:\/\/baldumarket.lt\/lt\/wp-json\/wp\/v2\/product"}],"about":[{"href":"https:\/\/baldumarket.lt\/lt\/wp-json\/wp\/v2\/types\/product"}],"replies":[{"embeddable":true,"href":"https:\/\/baldumarket.lt\/lt\/wp-json\/wp\/v2\/comments?post=303309"}],"wp:featuredmedia":[{"embeddable":true,"href":"https:\/\/baldumarket.lt\/lt\/wp-json\/wp\/v2\/media\/303310"}],"wp:attachment":[{"href":"https:\/\/baldumarket.lt\/lt\/wp-json\/wp\/v2\/media?parent=303309"}],"wp:term":[{"taxonomy":"product_brand","embeddable":true,"href":"https:\/\/baldumarket.lt\/lt\/wp-json\/wp\/v2\/product_brand?post=303309"},{"taxonomy":"product_cat","embeddable":true,"href":"https:\/\/baldumarket.lt\/lt\/wp-json\/wp\/v2\/product_cat?post=303309"},{"taxonomy":"product_tag","embeddable":true,"href":"https:\/\/baldumarket.lt\/lt\/wp-json\/wp\/v2\/product_tag?post=303309"}],"curies":[{"name":"wp","href":"https:\/\/api.w.org\/{rel}","templated":true}]}}