{"id":303296,"date":"2026-01-15T18:18:43","date_gmt":"2026-01-15T15:18:43","guid":{"rendered":"https:\/\/baldumarket.lt\/product\/meble-kuchenne-vika-260-matera-dab-lancelot-adrk\/"},"modified":"2026-02-11T18:10:15","modified_gmt":"2026-02-11T15:10:15","slug":"meble-kuchenne-vika-260-matera-dab-lancelot-adrk","status":"publish","type":"product","link":"https:\/\/baldumarket.lt\/lt\/product\/meble-kuchenne-vika-260-matera-dab-lancelot-adrk\/","title":{"rendered":"VIKA 260 Matera\/Lancelot Oak ADRK Virtuv\u0117s baldai"},"content":{"rendered":"<p>\u201eVika\u201c kolekcija \u2013 tai a\u0161tuoni\u0173 moduli\u0173 virtuv\u0117s spinteli\u0173 komplektas, kuriame tilps visi reikalingi virtuv\u0117s reikmenys. \u201eVika\u201c komplektas suderinamas su orkaite. \u201eMatera\u201c ir \u201eLancelot\u201c derinys suteikia virtuvei i\u0161skirtinumo ir paver\u010dia maisto gaminim\u0105 tikru malonumu. Komplekte yra stalvir\u0161is, puikiai tinkantis kasdieniam naudojimui. D\u0117l auk\u0161tos kokyb\u0117s med\u017eiag\u0173 naudojimo baldai yra patvar\u016bs ir atspar\u016bs pa\u017eeidimams.<\/p>","protected":false},"excerpt":{"rendered":"<p>Plotis (cm): 260<br \/>\n\u016agis (cm): 156,5<br \/>\nGylis (cm): 60<br \/>\nAsambl\u0117ja<br \/>\nSavaranki\u0161kas surinkimas<br \/>\nProdukto svoris [kg]: 187,9<\/p>","protected":false},"featured_media":303297,"comment_status":"open","ping_status":"open","template":"","meta":[],"product_brand":[],"product_cat":[9201,1932],"product_tag":[],"class_list":{"0":"post-303296","1":"product","2":"type-product","3":"status-publish","4":"has-post-thumbnail","6":"product_cat-adrk-furniture","7":"product_cat-kitchen-sets","9":"first","10":"instock","11":"purchasable","12":"product-type-simple"},"_links":{"self":[{"href":"https:\/\/baldumarket.lt\/lt\/wp-json\/wp\/v2\/product\/303296","targetHints":{"allow":["GET"]}}],"collection":[{"href":"https:\/\/baldumarket.lt\/lt\/wp-json\/wp\/v2\/product"}],"about":[{"href":"https:\/\/baldumarket.lt\/lt\/wp-json\/wp\/v2\/types\/product"}],"replies":[{"embeddable":true,"href":"https:\/\/baldumarket.lt\/lt\/wp-json\/wp\/v2\/comments?post=303296"}],"wp:featuredmedia":[{"embeddable":true,"href":"https:\/\/baldumarket.lt\/lt\/wp-json\/wp\/v2\/media\/303297"}],"wp:attachment":[{"href":"https:\/\/baldumarket.lt\/lt\/wp-json\/wp\/v2\/media?parent=303296"}],"wp:term":[{"taxonomy":"product_brand","embeddable":true,"href":"https:\/\/baldumarket.lt\/lt\/wp-json\/wp\/v2\/product_brand?post=303296"},{"taxonomy":"product_cat","embeddable":true,"href":"https:\/\/baldumarket.lt\/lt\/wp-json\/wp\/v2\/product_cat?post=303296"},{"taxonomy":"product_tag","embeddable":true,"href":"https:\/\/baldumarket.lt\/lt\/wp-json\/wp\/v2\/product_tag?post=303296"}],"curies":[{"name":"wp","href":"https:\/\/api.w.org\/{rel}","templated":true}]}}