{"id":303276,"date":"2026-01-15T18:18:27","date_gmt":"2026-01-15T15:18:27","guid":{"rendered":"https:\/\/baldumarket.lt\/product\/meble-kuchenne-bubble-240-bialy-dab-lancelot-adrk\/"},"modified":"2026-02-11T18:10:19","modified_gmt":"2026-02-11T15:10:19","slug":"meble-kuchenne-bubble-240-bialy-dab-lancelot-adrk","status":"publish","type":"product","link":"https:\/\/baldumarket.lt\/lt\/product\/meble-kuchenne-bubble-240-bialy-dab-lancelot-adrk\/","title":{"rendered":"BUBBLE 240 Balta\/Lancelot \u0105\u017euolo virtuv\u0117s baldai ADRK"},"content":{"rendered":"<p>\u201eBubble\u201c kolekcija \u2013 tai septyni\u0173 moduli\u0173 virtuv\u0117s spinteli\u0173 komplektas, kuriame gal\u0117site laikyti visus b\u016btiniausius virtuv\u0117s reikmenis. \u201eBubble\u201c komplektas tinka indaplov\u0117ms ir orkait\u0117ms. Baltos ir lancelot spalvos derinys paver\u010dia virtuv\u0119 jaukia erdve, kurioje maisto gaminimas \u2013 vienas malonumas. Komplekte yra stalvir\u0161is, puikiai tinkantis kasdieniam naudojimui. D\u0117l auk\u0161tos kokyb\u0117s med\u017eiag\u0173 naudojimo baldai yra patvar\u016bs ir atspar\u016bs pa\u017eeidimams.<\/p>","protected":false},"excerpt":{"rendered":"<p>Plotis (cm): 240<br \/>\n\u016agis (cm): 157<br \/>\nGylis (cm): 60<br \/>\nAsambl\u0117ja<br \/>\nsavaranki\u0161kam surinkimui<br \/>\nProdukto svoris [kg]: 240<\/p>","protected":false},"featured_media":303277,"comment_status":"open","ping_status":"open","template":"","meta":[],"product_brand":[],"product_cat":[9201,1932],"product_tag":[],"class_list":{"0":"post-303276","1":"product","2":"type-product","3":"status-publish","4":"has-post-thumbnail","6":"product_cat-adrk-furniture","7":"product_cat-kitchen-sets","9":"first","10":"instock","11":"purchasable","12":"product-type-simple"},"_links":{"self":[{"href":"https:\/\/baldumarket.lt\/lt\/wp-json\/wp\/v2\/product\/303276","targetHints":{"allow":["GET"]}}],"collection":[{"href":"https:\/\/baldumarket.lt\/lt\/wp-json\/wp\/v2\/product"}],"about":[{"href":"https:\/\/baldumarket.lt\/lt\/wp-json\/wp\/v2\/types\/product"}],"replies":[{"embeddable":true,"href":"https:\/\/baldumarket.lt\/lt\/wp-json\/wp\/v2\/comments?post=303276"}],"wp:featuredmedia":[{"embeddable":true,"href":"https:\/\/baldumarket.lt\/lt\/wp-json\/wp\/v2\/media\/303277"}],"wp:attachment":[{"href":"https:\/\/baldumarket.lt\/lt\/wp-json\/wp\/v2\/media?parent=303276"}],"wp:term":[{"taxonomy":"product_brand","embeddable":true,"href":"https:\/\/baldumarket.lt\/lt\/wp-json\/wp\/v2\/product_brand?post=303276"},{"taxonomy":"product_cat","embeddable":true,"href":"https:\/\/baldumarket.lt\/lt\/wp-json\/wp\/v2\/product_cat?post=303276"},{"taxonomy":"product_tag","embeddable":true,"href":"https:\/\/baldumarket.lt\/lt\/wp-json\/wp\/v2\/product_tag?post=303276"}],"curies":[{"name":"wp","href":"https:\/\/api.w.org\/{rel}","templated":true}]}}